    {"id":100,"date":"2025-06-27T18:17:57","date_gmt":"2025-06-27T18:17:57","guid":{"rendered":"https:\/\/snapnork.com\/?page_id=100"},"modified":"2025-11-24T20:51:14","modified_gmt":"2025-11-24T20:51:14","slug":"contact","status":"publish","type":"page","link":"https:\/\/snapnork.com\/es\/contact\/","title":{"rendered":"Contacto"},"content":{"rendered":"<p>Gracias por visitarnos <strong>Snapnork<\/strong>Tu plataforma de informaci\u00f3n tecnol\u00f3gica, estrategia digital y contenido centrado en la innovaci\u00f3n. Valoramos tu participaci\u00f3n y siempre estamos abiertos a conectar, colaborar e intercambiar ideas.<\/p>\n\n\n\n<h3 class=\"wp-block-heading\"><strong>Consultas generales<\/strong><\/h3>\n\n\n\n<p>\u00bfTienes alguna pregunta sobre Snapnork o simplemente quieres contactarnos? Escr\u00edbenos a <strong>contacto@snapnork.com<\/strong><br>Nos complace recibir noticias de otros innovadores, creadores y pensadores. Nos comunicaremos con usted lo antes posible.<\/p>\n\n\n\n<h3 class=\"wp-block-heading\"><strong>Ideas y contribuciones de contenido<\/strong><\/h3>\n\n\n\n<p>\u00bfQuieres proponer un tema, contribuir con un art\u00edculo o sugerir un tema que deber\u00edamos explorar? Cont\u00e1ctanos. <strong>contacto@snapnork.com<\/strong><br>Damos la bienvenida a voces diversas y perspectivas nuevas sobre tecnolog\u00eda, innovaci\u00f3n y cultura digital.<\/p>\n\n\n\n<h3 class=\"wp-block-heading\"><strong>Apoyo t\u00e9cnico<\/strong><\/h3>\n\n\n\n<p>\u00bfTiene alg\u00fan problema con el sitio o tiene dificultades para acceder al contenido? Cont\u00e1ctenos en <strong>contacto@snapnork.com<\/strong><br>Nuestro equipo est\u00e1 aqu\u00ed para garantizar que su experiencia transcurra sin problemas.<\/p>\n\n\n\n<h3 class=\"wp-block-heading\"><strong>Mantente conectado<\/strong><\/h3>\n\n\n\n<p>Snapnork es una plataforma digital nativa dise\u00f1ada para un p\u00fablico global. Si bien no tenemos una oficina f\u00edsica, siempre estamos en l\u00ednea, listos para conectar y evolucionar con nuestra comunidad.<\/p>\n\n\n\n<p>Gracias por formar parte de la red Snapnork. \u00a1Esperamos tener noticias tuyas!<\/p>\n\n\n\n<p><strong>Atentamente,<\/strong><br><em>El equipo de Snapnork<\/em><\/p>","protected":false},"excerpt":{"rendered":"<p>Gracias por visitar Snapnork, tu punto de referencia para obtener informaci\u00f3n tecnol\u00f3gica, estrategia digital y contenido centrado en la innovaci\u00f3n. Valoramos tu participaci\u00f3n y siempre estamos abiertos a conectar, colaborar e intercambiar ideas. Consultas generales: \u00bfTienes alguna pregunta sobre Snapnork o simplemente quieres contactarnos? Escr\u00edbenos a contact@snapnork.com. Nos complace saber de otros innovadores, creadores y pensadores, y [\u2026]<\/p>","protected":false},"author":198,"featured_media":0,"parent":0,"menu_order":0,"comment_status":"closed","ping_status":"closed","template":"","meta":{"footnotes":""},"_links":{"self":[{"href":"https:\/\/snapnork.com\/es\/wp-json\/wp\/v2\/pages\/100"}],"collection":[{"href":"https:\/\/snapnork.com\/es\/wp-json\/wp\/v2\/pages"}],"about":[{"href":"https:\/\/snapnork.com\/es\/wp-json\/wp\/v2\/types\/page"}],"author":[{"embeddable":true,"href":"https:\/\/snapnork.com\/es\/wp-json\/wp\/v2\/users\/198"}],"replies":[{"embeddable":true,"href":"https:\/\/snapnork.com\/es\/wp-json\/wp\/v2\/comments?post=100"}],"version-history":[{"count":2,"href":"https:\/\/snapnork.com\/es\/wp-json\/wp\/v2\/pages\/100\/revisions"}],"predecessor-version":[{"id":1019,"href":"https:\/\/snapnork.com\/es\/wp-json\/wp\/v2\/pages\/100\/revisions\/1019"}],"wp:attachment":[{"href":"https:\/\/snapnork.com\/es\/wp-json\/wp\/v2\/media?parent=100"}],"curies":[{"name":"wp","href":"https:\/\/api.w.org\/{rel}","templated":true}]}}