    {"id":95,"date":"2025-06-27T18:16:30","date_gmt":"2025-06-27T18:16:30","guid":{"rendered":"https:\/\/snapnork.com\/?page_id=95"},"modified":"2025-11-24T20:50:32","modified_gmt":"2025-11-24T20:50:32","slug":"terms-of-use","status":"publish","type":"page","link":"https:\/\/snapnork.com\/es\/terms-of-use\/","title":{"rendered":"Condiciones de uso"},"content":{"rendered":"<p><strong>\u00daltima actualizaci\u00f3n: 27 de junio de 2025<\/strong><\/p>\n\n\n\n<p><strong>Snapnork<\/strong> Es una plataforma digital independiente que publica contenido centrado en tecnolog\u00eda, innovaci\u00f3n digital y tendencias estrat\u00e9gicas en el sector tecnol\u00f3gico. Al acceder o utilizar este sitio web, acepta los t\u00e9rminos, condiciones y pol\u00edticas que se describen a continuaci\u00f3n.<\/p>\n\n\n\n<p>Estos T\u00e9rminos de Uso definen los derechos y responsabilidades de los usuarios que interact\u00faan con la plataforma Snapnork. El uso de este sitio web tambi\u00e9n se rige por nuestros... <a>pol\u00edtica de privacidad<\/a>.<\/p>\n\n\n\n<p><strong>LEA ESTOS T\u00c9RMINOS DETENIDAMENTE. SI NO EST\u00c1 DE ACUERDO CON ELLOS, NO UTILICE SNAPNORK NI NINGUNO DE SUS SERVICIOS.<\/strong><\/p>\n\n\n\n<h2 class=\"wp-block-heading\"><strong>Art\u00edculo I \u2013 Acuerdo de usuario<\/strong><\/h2>\n\n\n\n<p>1.1 Al utilizar Snapnork, usted confirma su aceptaci\u00f3n total de estos T\u00e9rminos de uso y nuestra Pol\u00edtica de privacidad.<br>1.2 Debe tener al menos 18 a\u00f1os de edad o ser legalmente capaz en su jurisdicci\u00f3n para acceder o interactuar con este sitio.<br>1.3 Si no cumple con estos criterios o no est\u00e1 de acuerdo con alguna parte de estos t\u00e9rminos, no podr\u00e1 utilizar nuestra plataforma.<\/p>\n\n\n\n<h2 class=\"wp-block-heading\"><strong>Art\u00edculo II \u2013 Comunicaci\u00f3n<\/strong><\/h2>\n\n\n\n<p>2.1 Snapnork ofrece canales de comunicaci\u00f3n para preguntas, comentarios, contribuciones o soporte t\u00e9cnico.<br>2.2 Puede ponerse en contacto con nosotros a trav\u00e9s de nuestro <a>P\u00e1gina de contacto<\/a> o la direcci\u00f3n de correo electr\u00f3nico que aparece all\u00ed.<\/p>\n\n\n\n<h2 class=\"wp-block-heading\"><strong>Art\u00edculo III \u2013 Responsabilidades de las Partes<\/strong><\/h2>\n\n\n\n<p>3.1 Los usuarios deben cumplir con estos T\u00e9rminos de uso y la Pol\u00edtica de privacidad al acceder al contenido o servicios de Snapnork.<br>3.2 Snapnork puede incluir referencias o enlaces a sitios web de terceros con fines informativos.<br>3.3 Una vez redirigido, su actividad se regir\u00e1 por las pol\u00edticas del sitio externo. Snapnork no se responsabiliza de la precisi\u00f3n, el contenido ni las pr\u00e1cticas de los servicios externos.<br>3.4 Los usuarios son responsables de la seguridad de su conexi\u00f3n a Internet, sus dispositivos y su acceso a la cuenta mientras utilizan Snapnork.<br>3.5 Snapnork no es responsable de da\u00f1os resultantes de problemas t\u00e9cnicos, acceso no autorizado o mal uso fuera de nuestro control.<br>3.6 Nunca solicitaremos transferencias bancarias, datos bancarios personales o informaci\u00f3n confidencial a trav\u00e9s de canales no oficiales.<br>3.7 Cualquier mensaje sospechoso o actividad fraudulenta en nombre de Snapnork debe informarse inmediatamente a trav\u00e9s de nuestro formulario de contacto.<\/p>\n\n\n\n<h2 class=\"wp-block-heading\"><strong>Art\u00edculo IV \u2013 Conducta prohibida<\/strong><\/h2>\n\n\n\n<p>Las siguientes acciones est\u00e1n estrictamente prohibidas:<\/p>\n\n\n\n<ul>\n<li>Participar en conductas ilegales, enga\u00f1osas o da\u00f1inas;<\/li>\n\n\n\n<li>Infringir derechos de propiedad intelectual o leyes de privacidad;<\/li>\n\n\n\n<li>Cargar c\u00f3digo malicioso o distribuir virus;<\/li>\n\n\n\n<li>Suplantar la identidad de personas o entidades;<\/li>\n\n\n\n<li>Recolecci\u00f3n de datos sin consentimiento;<\/li>\n\n\n\n<li>Publicar contenido no autorizado, enga\u00f1oso u ofensivo;<\/li>\n\n\n\n<li>Acosar, amenazar o difamar a otros;<\/li>\n\n\n\n<li>Intentar interrumpir o comprometer el funcionamiento de la plataforma.<\/li>\n<\/ul>\n\n\n\n<p>Las infracciones pueden resultar en la suspensi\u00f3n o terminaci\u00f3n permanente del acceso a Snapnork, sin previo aviso.<\/p>\n\n\n\n<h2 class=\"wp-block-heading\"><strong>Art\u00edculo V \u2013 Limitaci\u00f3n de responsabilidad y garant\u00edas<\/strong><\/h2>\n\n\n\n<p>Snapnork proporciona su contenido y servicios \u201ctal cual\u201d y \u201cseg\u00fan disponibilidad\u201d, sin garant\u00edas expresas o impl\u00edcitas.<br>No garantizamos acceso ininterrumpido, contenido libre de errores o idoneidad total para sus fines espec\u00edficos.<br>En la m\u00e1xima medida permitida por la ley, Snapnork se exime de responsabilidad por cualquier da\u00f1o directo, indirecto, incidental o consecuente relacionado con su uso del sitio.<\/p>\n\n\n\n<h2 class=\"wp-block-heading\"><strong>Art\u00edculo VI \u2013 Plazo y plazo legal<\/strong><\/h2>\n\n\n\n<p>Estos T\u00e9rminos de Uso tienen vigencia indefinidamente.<br>Cualquier reclamo o disputa legal que involucre a Snapnork debe iniciarse dentro de los 90 (noventa) d\u00edas posteriores al evento que le d\u00e9 origen.<\/p>\n\n\n\n<h2 class=\"wp-block-heading\"><strong>Art\u00edculo VII \u2013 Ley aplicable y jurisdicci\u00f3n<\/strong><\/h2>\n\n\n\n<p>Estos T\u00e9rminos de uso se regir\u00e1n e interpretar\u00e1n de conformidad con las <strong>leyes de la Rep\u00fablica de Estonia<\/strong>Cualquier disputa, controversia o reclamaci\u00f3n que surja de o est\u00e9 relacionada con estos T\u00e9rminos o el uso de este sitio web se resolver\u00e1 de conformidad con la legislaci\u00f3n de Estonia, bajo el <strong>Jurisdicci\u00f3n exclusiva de los tribunales ubicados en Tallin, Estonia<\/strong>.<br>Esta cl\u00e1usula garantiza la transparencia jur\u00eddica y la alineaci\u00f3n con las mejores pr\u00e1cticas de cumplimiento internacional, tal como lo establece la legislaci\u00f3n de Estonia. <em>Ley de Derecho de Obligaciones<\/em> y <em>Ley de Derecho Internacional Privado<\/em>.<\/p>\n\n\n\n<h2 class=\"wp-block-heading\"><strong>Art\u00edculo VIII \u2013 Propiedad intelectual<\/strong><\/h2>\n\n\n\n<p>8.1 Todo el contenido publicado en Snapnork, incluidos texto, gr\u00e1ficos, dise\u00f1o y marca, est\u00e1 protegido por la ley de propiedad intelectual.<br>8.2 No puede copiar, reproducir, republicar ni distribuir ninguna parte del contenido sin permiso expreso por escrito.<br>8.3 El contenido enviado por el usuario es responsabilidad exclusiva del colaborador. Snapnork se reserva el derecho de eliminar cualquier material que infrinja las normas legales o \u00e9ticas.<\/p>\n\n\n\n<h2 class=\"wp-block-heading\"><strong>Art\u00edculo IX \u2013 Modificaciones a los T\u00e9rminos<\/strong><\/h2>\n\n\n\n<p>Snapnork se reserva el derecho de modificar, actualizar o discontinuar cualquier parte de estos T\u00e9rminos o sus servicios en cualquier momento sin previo aviso.<br>Es su responsabilidad revisar esta p\u00e1gina peri\u00f3dicamente. El uso continuado de la plataforma implica la aceptaci\u00f3n de los t\u00e9rminos revisados.<\/p>\n\n\n\n<h2 class=\"wp-block-heading\"><strong>Art\u00edculo X \u2013 Contacto<\/strong><\/h2>\n\n\n\n<p>Si tiene preguntas o inquietudes sobre estos T\u00e9rminos de uso, comun\u00edquese con nosotros a:<br><br> Correo electr\u00f3nico: contact@snapnork.com<\/p>\n\n\n\n<p><strong>SI NO EST\u00c1 DE ACUERDO CON ESTOS T\u00c9RMINOS, ABST\u00c9NGASE DE UTILIZAR SNAPNORK Y SUS SERVICIOS.<\/strong><\/p>","protected":false},"excerpt":{"rendered":"<p>\u00daltima actualizaci\u00f3n: 27 de junio de 2025. Snapnork es una plataforma digital independiente que publica contenido centrado en tecnolog\u00eda, innovaci\u00f3n digital y tendencias estrat\u00e9gicas en el sector tecnol\u00f3gico. Al acceder o utilizar este sitio web, acepta los t\u00e9rminos, condiciones y pol\u00edticas que se describen a continuaci\u00f3n. Estos T\u00e9rminos de Uso definen los derechos y responsabilidades de los usuarios que interact\u00faan con [\u2026]<\/p>","protected":false},"author":198,"featured_media":0,"parent":0,"menu_order":0,"comment_status":"closed","ping_status":"closed","template":"","meta":{"footnotes":""},"_links":{"self":[{"href":"https:\/\/snapnork.com\/es\/wp-json\/wp\/v2\/pages\/95"}],"collection":[{"href":"https:\/\/snapnork.com\/es\/wp-json\/wp\/v2\/pages"}],"about":[{"href":"https:\/\/snapnork.com\/es\/wp-json\/wp\/v2\/types\/page"}],"author":[{"embeddable":true,"href":"https:\/\/snapnork.com\/es\/wp-json\/wp\/v2\/users\/198"}],"replies":[{"embeddable":true,"href":"https:\/\/snapnork.com\/es\/wp-json\/wp\/v2\/comments?post=95"}],"version-history":[{"count":3,"href":"https:\/\/snapnork.com\/es\/wp-json\/wp\/v2\/pages\/95\/revisions"}],"predecessor-version":[{"id":1017,"href":"https:\/\/snapnork.com\/es\/wp-json\/wp\/v2\/pages\/95\/revisions\/1017"}],"wp:attachment":[{"href":"https:\/\/snapnork.com\/es\/wp-json\/wp\/v2\/media?parent=95"}],"curies":[{"name":"wp","href":"https:\/\/api.w.org\/{rel}","templated":true}]}}