    {"id":98,"date":"2025-06-27T18:17:14","date_gmt":"2025-06-27T18:17:14","guid":{"rendered":"https:\/\/snapnork.com\/?page_id=98"},"modified":"2025-11-24T20:51:45","modified_gmt":"2025-11-24T20:51:45","slug":"about-us","status":"publish","type":"page","link":"https:\/\/snapnork.com\/es\/about-us\/","title":{"rendered":"Sobre nosotros"},"content":{"rendered":"<h1 class=\"wp-block-heading\"><\/h1>\n\n\n\n<p><strong>Bienvenido a Snapnork<\/strong> Tu centro de informaci\u00f3n tecnol\u00f3gica, estrategia digital y contenido innovador. Ya seas creador, estratega, emprendedor o simplemente te apasiona el futuro de la tecnolog\u00eda, Snapnork est\u00e1 aqu\u00ed para inspirarte e informarte en cada paso del camino.<\/p>\n\n\n\n<h2 class=\"wp-block-heading\"><strong>\u00bfQu\u00e9 nos motiva?<\/strong><\/h2>\n\n\n\n<p>En Snapnork, creemos que la tecnolog\u00eda es m\u00e1s que herramientas y tendencias: es una fuerza transformadora. Nuestra misi\u00f3n es explorar el cambiante panorama digital mediante contenido que invita a la reflexi\u00f3n, marcos pr\u00e1cticos y perspectivas estrat\u00e9gicas que ayudan a las personas y organizaciones a prosperar.<\/p>\n\n\n\n<p>Nos sumergimos en los sistemas que impulsan el ecosistema digital actual, analizamos las tendencias tecnol\u00f3gicas emergentes, exploramos soluciones basadas en aplicaciones que moldean la vida cotidiana y destacamos c\u00f3mo el marketing evoluciona junto con los cambios tecnol\u00f3gicos. Nos centramos en la claridad, la relevancia y el impacto, compartiendo ideas que van m\u00e1s all\u00e1 de las palabras de moda y se convierten en valor real.<\/p>\n\n\n\n<h2 class=\"wp-block-heading\"><strong>Quienes somos<\/strong><\/h2>\n\n\n\n<p>Somos un equipo de redactores tecnol\u00f3gicos, estrategas y mentes inquietas unidos por un mismo objetivo: descifrar la complejidad y compartir la innovaci\u00f3n con claridad. Snapnork se cre\u00f3 para conectar la tecnolog\u00eda con la comprensi\u00f3n, transformando los conocimientos t\u00e9cnicos en narrativas atractivas y accesibles.<\/p>\n\n\n\n<p>Nuestro trabajo refleja a quienes construyen y moldean el mundo digital: innovadores que dise\u00f1an sistemas m\u00e1s inteligentes, profesionales del marketing que se adaptan a los cambios r\u00e1pidos, desarrolladores que crean aplicaciones potentes y l\u00edderes que navegan por el futuro. Escribimos para pensadores, desarrolladores y tomadores de decisiones que desean mantenerse a la vanguardia y comprender las fuerzas que redefinen el futuro.<\/p>\n\n\n\n<h2 class=\"wp-block-heading\"><strong>Complicarse<\/strong><\/h2>\n\n\n\n<p>\u00bfTienes alg\u00fan tema que te gustar\u00eda que abord\u00e1ramos? \u00bfQuieres contribuir con un art\u00edculo o proponer una idea? Nos encantar\u00eda saber de ti. En Snapnork, tus ideas y comentarios nos ayudan a evolucionar, al igual que las tecnolog\u00edas sobre las que escribimos.<\/p>\n\n\n\n<p>D\u00e9mosle forma al futuro de la tecnolog\u00eda: una publicaci\u00f3n, una perspectiva, un avance a la vez.<\/p>","protected":false},"excerpt":{"rendered":"<p>Bienvenido a Snapnork, tu centro de informaci\u00f3n tecnol\u00f3gica, estrategia digital y contenido innovador. Ya seas creador, estratega, emprendedor o simplemente te apasiona el futuro de la tecnolog\u00eda, Snapnork est\u00e1 aqu\u00ed para inspirarte e informarte en cada paso del camino. Qu\u00e9 nos motiva: En Snapnork, creemos que la tecnolog\u00eda es m\u00e1s que herramientas y tendencias. [\u2026]<\/p>","protected":false},"author":198,"featured_media":0,"parent":0,"menu_order":0,"comment_status":"closed","ping_status":"closed","template":"","meta":{"footnotes":""},"_links":{"self":[{"href":"https:\/\/snapnork.com\/es\/wp-json\/wp\/v2\/pages\/98"}],"collection":[{"href":"https:\/\/snapnork.com\/es\/wp-json\/wp\/v2\/pages"}],"about":[{"href":"https:\/\/snapnork.com\/es\/wp-json\/wp\/v2\/types\/page"}],"author":[{"embeddable":true,"href":"https:\/\/snapnork.com\/es\/wp-json\/wp\/v2\/users\/198"}],"replies":[{"embeddable":true,"href":"https:\/\/snapnork.com\/es\/wp-json\/wp\/v2\/comments?post=98"}],"version-history":[{"count":2,"href":"https:\/\/snapnork.com\/es\/wp-json\/wp\/v2\/pages\/98\/revisions"}],"predecessor-version":[{"id":1020,"href":"https:\/\/snapnork.com\/es\/wp-json\/wp\/v2\/pages\/98\/revisions\/1020"}],"wp:attachment":[{"href":"https:\/\/snapnork.com\/es\/wp-json\/wp\/v2\/media?parent=98"}],"curies":[{"name":"wp","href":"https:\/\/api.w.org\/{rel}","templated":true}]}}