    {"id":100,"date":"2025-06-27T18:17:57","date_gmt":"2025-06-27T18:17:57","guid":{"rendered":"https:\/\/snapnork.com\/?page_id=100"},"modified":"2025-11-24T20:51:14","modified_gmt":"2025-11-24T20:51:14","slug":"contact","status":"publish","type":"page","link":"https:\/\/snapnork.com\/fr\/contact\/","title":{"rendered":"Contact"},"content":{"rendered":"<p>Merci de votre visite <strong>Snapnork<\/strong>, votre destination pour des informations technologiques, des strat\u00e9gies num\u00e9riques et du contenu ax\u00e9 sur l&#039;innovation. Nous valorisons votre engagement et sommes toujours ouverts aux \u00e9changes, \u00e0 la collaboration et \u00e0 l&#039;\u00e9change d&#039;id\u00e9es.<\/p>\n\n\n\n<h3 class=\"wp-block-heading\"><strong>Demandes g\u00e9n\u00e9rales<\/strong><\/h3>\n\n\n\n<p>Vous avez une question sur Snapnork ou souhaitez simplement nous contacter\u00a0? Envoyez-nous un e-mail \u00e0 <strong>contact@snapnork.com<\/strong><br>Nous sommes heureux d\u2019avoir des nouvelles d\u2019autres innovateurs, cr\u00e9ateurs et penseurs, et nous vous r\u00e9pondrons dans les plus brefs d\u00e9lais.<\/p>\n\n\n\n<h3 class=\"wp-block-heading\"><strong>Id\u00e9es de contenu et contributions<\/strong><\/h3>\n\n\n\n<p>Vous souhaitez proposer un sujet, contribuer \u00e0 un article ou sugg\u00e9rer un th\u00e8me \u00e0 explorer\u00a0? Contactez-nous. <strong>contact@snapnork.com<\/strong><br>Nous accueillons des voix diverses et des perspectives nouvelles sur la technologie, l\u2019innovation et la culture num\u00e9rique.<\/p>\n\n\n\n<h3 class=\"wp-block-heading\"><strong>Support technique<\/strong><\/h3>\n\n\n\n<p>Vous rencontrez un probl\u00e8me avec le site ou avez des difficult\u00e9s \u00e0 acc\u00e9der au contenu\u00a0? Contactez-nous \u00e0 <strong>contact@snapnork.com<\/strong><br>Notre \u00e9quipe est l\u00e0 pour assurer le bon d\u00e9roulement de votre exp\u00e9rience.<\/p>\n\n\n\n<h3 class=\"wp-block-heading\"><strong>Restez connect\u00e9<\/strong><\/h3>\n\n\n\n<p>Snapnork est une plateforme digitale native con\u00e7ue pour un public international. Bien que nous n&#039;ayons pas de bureau physique, nous sommes toujours en ligne, pr\u00eats \u00e0 communiquer et \u00e0 \u00e9voluer avec notre communaut\u00e9.<\/p>\n\n\n\n<p>Merci de faire partie du r\u00e9seau Snapnork. Au plaisir de vous lire\u00a0!<\/p>\n\n\n\n<p><strong>Cordialement,<\/strong><br><em>L&#039;\u00e9quipe Snapnork<\/em><\/p>","protected":false},"excerpt":{"rendered":"<p>Merci de votre visite sur Snapnork, votre destination pour des informations technologiques, des strat\u00e9gies num\u00e9riques et du contenu ax\u00e9 sur l&#039;innovation. Nous appr\u00e9cions votre engagement et sommes toujours ouverts aux \u00e9changes, \u00e0 la collaboration et \u00e0 l&#039;\u00e9change d&#039;id\u00e9es. Questions g\u00e9n\u00e9rales\u00a0: Vous avez une question sur Snapnork ou souhaitez simplement nous contacter\u00a0? Envoyez-nous un e-mail \u00e0 contact@snapnork.com. Nous sommes ravis d&#039;\u00e9changer avec d&#039;autres innovateurs, cr\u00e9ateurs et penseurs, et [\u2026]<\/p>","protected":false},"author":198,"featured_media":0,"parent":0,"menu_order":0,"comment_status":"closed","ping_status":"closed","template":"","meta":{"footnotes":""},"_links":{"self":[{"href":"https:\/\/snapnork.com\/fr\/wp-json\/wp\/v2\/pages\/100"}],"collection":[{"href":"https:\/\/snapnork.com\/fr\/wp-json\/wp\/v2\/pages"}],"about":[{"href":"https:\/\/snapnork.com\/fr\/wp-json\/wp\/v2\/types\/page"}],"author":[{"embeddable":true,"href":"https:\/\/snapnork.com\/fr\/wp-json\/wp\/v2\/users\/198"}],"replies":[{"embeddable":true,"href":"https:\/\/snapnork.com\/fr\/wp-json\/wp\/v2\/comments?post=100"}],"version-history":[{"count":2,"href":"https:\/\/snapnork.com\/fr\/wp-json\/wp\/v2\/pages\/100\/revisions"}],"predecessor-version":[{"id":1019,"href":"https:\/\/snapnork.com\/fr\/wp-json\/wp\/v2\/pages\/100\/revisions\/1019"}],"wp:attachment":[{"href":"https:\/\/snapnork.com\/fr\/wp-json\/wp\/v2\/media?parent=100"}],"curies":[{"name":"wp","href":"https:\/\/api.w.org\/{rel}","templated":true}]}}