    {"id":102,"date":"2025-06-27T18:21:04","date_gmt":"2025-06-27T18:21:04","guid":{"rendered":"https:\/\/snapnork.com\/?page_id=102"},"modified":"2025-11-24T20:50:55","modified_gmt":"2025-11-24T20:50:55","slug":"privacy-policy","status":"publish","type":"page","link":"https:\/\/snapnork.com\/fr\/privacy-policy\/","title":{"rendered":"politique de confidentialit\u00e9"},"content":{"rendered":"<p>Votre vie priv\u00e9e est importante pour nous. C&#039;est <strong>SNAPNORK<\/strong>la politique de respect de votre vie priv\u00e9e concernant toute information que nous pouvons collecter aupr\u00e8s de vous sur notre site Web, <strong>SNAPNORK<\/strong>, et d\u2019autres sites que nous poss\u00e9dons et exploitons.<\/p>\n\n\n\n<p>Nous ne vous demandons des informations personnelles que lorsque nous en avons r\u00e9ellement besoin pour vous fournir un service. Nous les collectons de mani\u00e8re juste et l\u00e9gale, avec votre consentement et votre connaissance. Nous vous informons \u00e9galement des raisons pour lesquelles nous les collectons et de l&#039;utilisation qui en sera faite.<\/p>\n\n\n\n<p>Nous conservons les informations collect\u00e9es uniquement le temps n\u00e9cessaire pour vous fournir le service demand\u00e9. Nous prot\u00e9geons les donn\u00e9es que nous stockons par des moyens commercialement acceptables afin de pr\u00e9venir la perte et le vol, ainsi que l&#039;acc\u00e8s, la divulgation, la copie, l&#039;utilisation ou la modification non autoris\u00e9s.<\/p>\n\n\n\n<p>Nous ne partageons aucune information d&#039;identification personnelle publiquement ou avec des tiers, sauf lorsque la loi l&#039;exige.<\/p>\n\n\n\n<p>Notre site web peut contenir des liens vers des sites externes que nous n&#039;exploitons pas. Veuillez noter que nous n&#039;avons aucun contr\u00f4le sur le contenu et les pratiques de ces sites et d\u00e9clinons toute responsabilit\u00e9 quant \u00e0 leurs politiques de confidentialit\u00e9 respectives.<\/p>\n\n\n\n<p>Vous \u00eates libre de refuser notre demande de renseignements personnels, sachant que nous pourrions ne pas \u00eatre en mesure de vous fournir certains des services souhait\u00e9s.<\/p>\n\n\n\n<p>Votre utilisation continue de notre site web vaut acceptation de nos pratiques en mati\u00e8re de confidentialit\u00e9 et de donn\u00e9es personnelles. Pour toute question concernant la gestion des donn\u00e9es utilisateur et des donn\u00e9es personnelles, n&#039;h\u00e9sitez pas \u00e0 nous contacter.<\/p>\n\n\n\n<h1 class=\"wp-block-heading\"><strong>Politique relative aux cookies pour SNAPNORK<\/strong><\/h1>\n\n\n\n<p>Ceci est la politique relative aux cookies pour <strong>SNAPNORK<\/strong>, accessible depuis https:\/\/snapnork.com<\/p>\n\n\n\n<h2 class=\"wp-block-heading\"><strong>Que sont les cookies<\/strong><\/h2>\n\n\n\n<p>Comme c&#039;est le cas sur la plupart des sites web professionnels, ce site utilise des cookies, de minuscules fichiers t\u00e9l\u00e9charg\u00e9s sur votre ordinateur, pour am\u00e9liorer votre exp\u00e9rience. Cette page d\u00e9crit les informations collect\u00e9es, leur utilisation et les raisons pour lesquelles nous devons parfois stocker ces cookies. Nous vous expliquerons \u00e9galement comment emp\u00eacher leur stockage\u00a0; cependant, cela peut alt\u00e9rer ou perturber certaines fonctionnalit\u00e9s du site.<\/p>\n\n\n\n<h2 class=\"wp-block-heading\"><strong>Comment nous utilisons les cookies<\/strong><\/h2>\n\n\n\n<p>Nous utilisons des cookies pour diverses raisons, d\u00e9taill\u00e9es ci-dessous. Malheureusement, dans la plupart des cas, il n&#039;existe pas d&#039;option standard permettant de d\u00e9sactiver les cookies sans d\u00e9sactiver compl\u00e8tement les fonctionnalit\u00e9s qu&#039;ils ajoutent \u00e0 ce site. Il est recommand\u00e9 de conserver tous les cookies si vous n&#039;\u00eates pas s\u00fbr de leur utilit\u00e9, au cas o\u00f9 ils seraient utilis\u00e9s pour fournir un service que vous utilisez.<\/p>\n\n\n\n<h2 class=\"wp-block-heading\"><strong>D\u00e9sactiver les cookies<\/strong><\/h2>\n\n\n\n<p>Vous pouvez emp\u00eacher l&#039;installation de cookies en modifiant les param\u00e8tres de votre navigateur (consultez l&#039;aide de votre navigateur pour savoir comment proc\u00e9der). Sachez que la d\u00e9sactivation des cookies affectera le fonctionnement de ce site et de nombreux autres sites web que vous consultez. La d\u00e9sactivation des cookies entra\u00eene g\u00e9n\u00e9ralement la d\u00e9sactivation de certaines fonctionnalit\u00e9s de ce site. Il est donc recommand\u00e9 de ne pas d\u00e9sactiver les cookies.<\/p>\n\n\n\n<h2 class=\"wp-block-heading\"><strong>Les cookies que nous utilisons<\/strong><\/h2>\n\n\n\n<h3 class=\"wp-block-heading\"><strong>Cookies li\u00e9s au compte<\/strong><\/h3>\n\n\n\n<p>Si vous cr\u00e9ez un compte chez nous, nous utiliserons des cookies pour la gestion de votre inscription et l&#039;administration g\u00e9n\u00e9rale. Ces cookies sont g\u00e9n\u00e9ralement supprim\u00e9s lors de votre d\u00e9connexion, mais peuvent parfois \u00eatre conserv\u00e9s ult\u00e9rieurement pour m\u00e9moriser vos pr\u00e9f\u00e9rences lors de votre d\u00e9connexion.<\/p>\n\n\n\n<h3 class=\"wp-block-heading\"><strong>Cookies li\u00e9s \u00e0 la connexion<\/strong><\/h3>\n\n\n\n<p>Nous utilisons des cookies lorsque vous \u00eates connect\u00e9 afin de m\u00e9moriser cette information. Cela vous \u00e9vite de devoir vous connecter \u00e0 chaque nouvelle page. Ces cookies sont g\u00e9n\u00e9ralement supprim\u00e9s lorsque vous vous d\u00e9connectez afin de vous permettre d&#039;acc\u00e9der uniquement aux fonctionnalit\u00e9s et zones restreintes lorsque vous \u00eates connect\u00e9.<\/p>\n\n\n\n<h3 class=\"wp-block-heading\"><strong>Cookies li\u00e9s aux newsletters par e-mail<\/strong><\/h3>\n\n\n\n<p>Ce site propose des services d&#039;abonnement \u00e0 des newsletters ou \u00e0 des e-mails et des cookies peuvent \u00eatre utilis\u00e9s pour se souvenir si vous \u00eates d\u00e9j\u00e0 inscrit et pour savoir s&#039;il faut afficher certaines notifications qui pourraient n&#039;\u00eatre valables que pour les utilisateurs abonn\u00e9s\/d\u00e9sabonn\u00e9s.<\/p>\n\n\n\n<h3 class=\"wp-block-heading\"><strong>Cookies li\u00e9s au traitement des commandes<\/strong><\/h3>\n\n\n\n<p>Ce site propose des facilit\u00e9s de commerce \u00e9lectronique ou de paiement et certains cookies sont essentiels pour garantir que votre commande soit m\u00e9moris\u00e9e entre les pages afin que nous puissions la traiter correctement.<\/p>\n\n\n\n<h3 class=\"wp-block-heading\"><strong>Cookies li\u00e9s aux enqu\u00eates<\/strong><\/h3>\n\n\n\n<p>Nous proposons ponctuellement des enqu\u00eates et des questionnaires aupr\u00e8s des utilisateurs afin de vous fournir des informations int\u00e9ressantes, des outils utiles ou de mieux comprendre notre base d&#039;utilisateurs. Ces enqu\u00eates peuvent utiliser des cookies pour m\u00e9moriser les participants ou pour vous fournir des r\u00e9sultats pr\u00e9cis apr\u00e8s chaque changement de page.<\/p>\n\n\n\n<h3 class=\"wp-block-heading\"><strong>Cookies li\u00e9s aux formulaires<\/strong><\/h3>\n\n\n\n<p>Lorsque vous soumettez des donn\u00e9es via un formulaire tel que ceux trouv\u00e9s sur les pages de contact ou les formulaires de commentaires, des cookies peuvent \u00eatre d\u00e9finis pour m\u00e9moriser vos informations d&#039;utilisateur pour une correspondance future.<\/p>\n\n\n\n<h3 class=\"wp-block-heading\"><strong>Cookies de pr\u00e9f\u00e9rences du site<\/strong><\/h3>\n\n\n\n<p>Afin de vous offrir une exp\u00e9rience optimale sur ce site, nous vous proposons une fonctionnalit\u00e9 vous permettant de d\u00e9finir vos pr\u00e9f\u00e9rences de fonctionnement. Afin de m\u00e9moriser vos pr\u00e9f\u00e9rences, nous devons utiliser des cookies afin que ces informations soient accessibles d\u00e8s que vous interagissez avec une page concern\u00e9e par vos pr\u00e9f\u00e9rences.<\/p>\n\n\n\n<h2 class=\"wp-block-heading\"><strong>Cookies tiers<\/strong><\/h2>\n\n\n\n<p>Dans certains cas particuliers, nous utilisons \u00e9galement des cookies fournis par des tiers de confiance. La section suivante d\u00e9taille les cookies tiers que vous pourriez rencontrer sur ce site.<\/p>\n\n\n\n<ul>\n<li><strong>Google Analytics<\/strong><br>Ce site utilise Google Analytics, l&#039;une des solutions d&#039;analyse les plus r\u00e9pandues et les plus fiables du web. Il nous permet de comprendre votre utilisation du site et d&#039;am\u00e9liorer votre exp\u00e9rience. Ces cookies peuvent enregistrer des informations telles que votre temps de navigation et les pages que vous consultez, afin de nous permettre de continuer \u00e0 produire du contenu attrayant. Pour plus d&#039;informations sur les cookies Google Analytics, consultez le site officiel. <a>Page Google Analytics<\/a>.<\/li>\n\n\n\n<li><strong>Analyses tierces<\/strong><br>Ces cookies sont utilis\u00e9s pour suivre et mesurer l&#039;utilisation de ce site afin que nous puissions continuer \u00e0 produire du contenu pertinent. Ils peuvent enregistrer votre temps de navigation ou les pages que vous consultez, ce qui nous permet de mieux comprendre comment am\u00e9liorer le site pour vous.<\/li>\n\n\n\n<li><strong>Tests et optimisation<\/strong><br>Nous testons r\u00e9guli\u00e8rement de nouvelles fonctionnalit\u00e9s et apportons de l\u00e9g\u00e8res modifications \u00e0 la pr\u00e9sentation du site. Durant ces phases de test, des cookies peuvent \u00eatre utilis\u00e9s pour garantir une exp\u00e9rience coh\u00e9rente et recueillir des donn\u00e9es sur les modifications les plus appr\u00e9ci\u00e9es.<\/li>\n\n\n\n<li><strong>Publicit\u00e9 et suivi des conversions<\/strong><br>Si nous vendons des produits ou faisons la promotion de services, ces cookies nous aident \u00e0 mesurer l&#039;efficacit\u00e9 de nos actions marketing. Ils nous permettent de savoir combien d&#039;utilisateurs effectuent un achat ou une action apr\u00e8s avoir consult\u00e9 un contenu, ce qui nous aide \u00e0 affiner nos strat\u00e9gies.<\/li>\n\n\n\n<li><strong>Int\u00e9grations des m\u00e9dias sociaux<\/strong><br>Nous utilisons \u00e9galement des boutons et\/ou des plugins de r\u00e9seaux sociaux sur ce site, qui vous permettent d&#039;interagir avec vos r\u00e9seaux sociaux de diff\u00e9rentes mani\u00e8res. Pour leur fonctionnement, les r\u00e9seaux sociaux suivants, tels qu&#039;Instagram, LinkedIn ou Twitter\/X, peuvent installer des cookies via notre site. Ces cookies peuvent \u00eatre utilis\u00e9s pour am\u00e9liorer votre profil ou enrichir les donn\u00e9es qu&#039;ils d\u00e9tiennent \u00e0 leurs propres fins, comme indiqu\u00e9 dans leurs politiques de confidentialit\u00e9 respectives.<\/li>\n<\/ul>\n\n\n\n<h3 class=\"wp-block-heading\">Publicit\u00e9 (Google AdSense) et vos choix<\/h3>\n\n\n\n<p>Ce site utilise Google AdSense pour afficher des publicit\u00e9s. Google et ses partenaires peuvent utiliser des cookies ou d&#039;autres technologies pour diffuser, mesurer et personnaliser les annonces en fonction de vos visites sur ce site et d&#039;autres sites web.<\/p>\n\n\n\n<p>Pour savoir comment Google utilise les donn\u00e9es des sites et des applications qui utilisent ses services, visitez\u00a0:<br><a href=\"https:\/\/policies.google.com\/technologies\/partner-sites\">https:\/\/policies.google.com\/technologies\/partner-sites<\/a><\/p>\n\n\n\n<p><strong>D\u00e9sactiver les publicit\u00e9s personnalis\u00e9es\u00a0:<\/strong><br>Vous pouvez d\u00e9sactiver la publicit\u00e9 personnalis\u00e9e de Google en visitant votre <strong><a href=\"https:\/\/adssettings.google.com\/\">Param\u00e8tres des annonces (Mon centre de publicit\u00e9s)<\/a><\/strong>.<br>Vous pouvez \u00e9galement d\u00e9sactiver la publicit\u00e9 cibl\u00e9e par centres d&#039;int\u00e9r\u00eat de nombreux autres fournisseurs de publicit\u00e9 en visitant <strong><a href=\"https:\/\/www.aboutads.info\/choices\/\">AboutAds.info\/choices<\/a><\/strong>.<\/p>\n\n\n\n<p>Remarque\u00a0: m\u00eame si vous vous d\u00e9sabonnez, vous verrez toujours des publicit\u00e9s, mais elles pourraient \u00eatre moins pertinentes par rapport \u00e0 vos centres d&#039;int\u00e9r\u00eat.<\/p>\n\n\n\n<h2 class=\"wp-block-heading\"><\/h2>\n\n\n\n<h2 class=\"wp-block-heading\"><strong>Plus d&#039;informations<\/strong><\/h2>\n\n\n\n<p>J&#039;esp\u00e8re que cela vous a \u00e9clair\u00e9. Comme mentionn\u00e9 pr\u00e9c\u00e9demment, si vous n&#039;\u00eates pas s\u00fbr d&#039;avoir besoin de cookies, il est g\u00e9n\u00e9ralement plus prudent de les laisser activ\u00e9s au cas o\u00f9 ils interagiraient avec l&#039;une des fonctionnalit\u00e9s que vous utilisez sur notre site.<\/p>\n\n\n\n<p><strong>Cette politique est en vigueur depuis mars 2025.<\/strong><\/p>","protected":false},"excerpt":{"rendered":"<p>Votre vie priv\u00e9e est importante pour nous. SNAPNORK a pour politique de respecter votre vie priv\u00e9e concernant toute information que nous pouvons recueillir aupr\u00e8s de vous sur notre site web, SNAPNORK et d&#039;autres sites que nous poss\u00e9dons et exploitons. Nous ne vous demandons des informations personnelles que lorsque nous en avons r\u00e9ellement besoin pour vous fournir un service. Nous les collectons de mani\u00e8re \u00e9quitable [\u2026]<\/p>","protected":false},"author":198,"featured_media":0,"parent":0,"menu_order":0,"comment_status":"closed","ping_status":"closed","template":"","meta":{"footnotes":""},"_links":{"self":[{"href":"https:\/\/snapnork.com\/fr\/wp-json\/wp\/v2\/pages\/102"}],"collection":[{"href":"https:\/\/snapnork.com\/fr\/wp-json\/wp\/v2\/pages"}],"about":[{"href":"https:\/\/snapnork.com\/fr\/wp-json\/wp\/v2\/types\/page"}],"author":[{"embeddable":true,"href":"https:\/\/snapnork.com\/fr\/wp-json\/wp\/v2\/users\/198"}],"replies":[{"embeddable":true,"href":"https:\/\/snapnork.com\/fr\/wp-json\/wp\/v2\/comments?post=102"}],"version-history":[{"count":3,"href":"https:\/\/snapnork.com\/fr\/wp-json\/wp\/v2\/pages\/102\/revisions"}],"predecessor-version":[{"id":1018,"href":"https:\/\/snapnork.com\/fr\/wp-json\/wp\/v2\/pages\/102\/revisions\/1018"}],"wp:attachment":[{"href":"https:\/\/snapnork.com\/fr\/wp-json\/wp\/v2\/media?parent=102"}],"curies":[{"name":"wp","href":"https:\/\/api.w.org\/{rel}","templated":true}]}}