    {"id":95,"date":"2025-06-27T18:16:30","date_gmt":"2025-06-27T18:16:30","guid":{"rendered":"https:\/\/snapnork.com\/?page_id=95"},"modified":"2025-11-24T20:50:32","modified_gmt":"2025-11-24T20:50:32","slug":"terms-of-use","status":"publish","type":"page","link":"https:\/\/snapnork.com\/fr\/terms-of-use\/","title":{"rendered":"Conditions d&#039;utilisation"},"content":{"rendered":"<p><strong>Derni\u00e8re mise \u00e0 jour\u00a0: 27 juin 2025<\/strong><\/p>\n\n\n\n<p><strong>Snapnork<\/strong> est une plateforme num\u00e9rique ind\u00e9pendante qui publie du contenu ax\u00e9 sur la technologie, l&#039;innovation num\u00e9rique et les tendances strat\u00e9giques du secteur technologique. En acc\u00e9dant \u00e0 ce site Web ou en l&#039;utilisant, vous acceptez les conditions g\u00e9n\u00e9rales et les politiques d\u00e9crites ci-dessous.<\/p>\n\n\n\n<p>Les pr\u00e9sentes Conditions d&#039;utilisation d\u00e9finissent les droits et responsabilit\u00e9s des utilisateurs interagissant avec la plateforme Snapnork. L&#039;utilisation de ce site web est \u00e9galement r\u00e9gie par nos <a>politique de confidentialit\u00e9<\/a>.<\/p>\n\n\n\n<p><strong>VEUILLEZ LIRE ATTENTIVEMENT CES CONDITIONS. SI VOUS N&#039;\u00caTES PAS D&#039;ACCORD AVEC CELLES-CI, VEUILLEZ NE PAS UTILISER SNAPNORK NI AUCUN DE SES SERVICES.<\/strong><\/p>\n\n\n\n<h2 class=\"wp-block-heading\"><strong>Article I \u2013 Contrat d&#039;utilisation<\/strong><\/h2>\n\n\n\n<p>1.1 En utilisant Snapnork, vous confirmez votre acceptation compl\u00e8te des pr\u00e9sentes conditions d&#039;utilisation et de notre politique de confidentialit\u00e9.<br>1.2 Vous devez avoir au moins 18 ans ou \u00eatre l\u00e9galement capable dans votre juridiction pour acc\u00e9der ou interagir avec ce site.<br>1.3 Si vous ne r\u00e9pondez pas \u00e0 ces crit\u00e8res ou n&#039;\u00eates pas d&#039;accord avec une partie quelconque de ces conditions, vous ne pouvez pas utiliser notre plateforme.<\/p>\n\n\n\n<h2 class=\"wp-block-heading\"><strong>Article II \u2013 Communication<\/strong><\/h2>\n\n\n\n<p>2.1 Snapnork propose des canaux de communication pour les questions, les commentaires, les contributions ou l&#039;assistance technique.<br>2.2 Vous pouvez nous contacter via notre <a>Page de contact<\/a> ou l&#039;adresse e-mail qui y est indiqu\u00e9e.<\/p>\n\n\n\n<h2 class=\"wp-block-heading\"><strong>Article III \u2013 Responsabilit\u00e9s des Parties<\/strong><\/h2>\n\n\n\n<p>3.1 Les utilisateurs doivent se conformer aux pr\u00e9sentes conditions d&#039;utilisation et \u00e0 la politique de confidentialit\u00e9 lorsqu&#039;ils acc\u00e8dent au contenu ou aux services de Snapnork.<br>3.2 Snapnork peut inclure des r\u00e9f\u00e9rences ou des liens vers des sites Web tiers \u00e0 des fins d&#039;information.<br>3.3 Une fois redirig\u00e9, votre activit\u00e9 est r\u00e9gie par les politiques du site externe. Snapnork n&#039;est pas responsable de l&#039;exactitude, du contenu ou des pratiques des services externes.<br>3.4 Les utilisateurs sont responsables de la s\u00e9curit\u00e9 de leur connexion Internet, de leurs appareils et de l&#039;acc\u00e8s \u00e0 leur compte lorsqu&#039;ils utilisent Snapnork.<br>3.5 Snapnork n&#039;est pas responsable des dommages r\u00e9sultant de probl\u00e8mes techniques, d&#039;un acc\u00e8s non autoris\u00e9 ou d&#039;une mauvaise utilisation ind\u00e9pendante de notre volont\u00e9.<br>3.6 Nous ne demanderons jamais de virements bancaires, de coordonn\u00e9es bancaires personnelles ou d&#039;informations confidentielles via des canaux non officiels.<br>3.7 Tout message suspect ou activit\u00e9 frauduleuse au nom de Snapnork doit \u00eatre signal\u00e9 imm\u00e9diatement via notre formulaire de contact.<\/p>\n\n\n\n<h2 class=\"wp-block-heading\"><strong>Article IV \u2013 Conduite interdite<\/strong><\/h2>\n\n\n\n<p>Les actions suivantes sont strictement interdites :<\/p>\n\n\n\n<ul>\n<li>Adopter un comportement ill\u00e9gal, trompeur ou nuisible\u00a0;<\/li>\n\n\n\n<li>Violation des droits de propri\u00e9t\u00e9 intellectuelle ou des lois sur la confidentialit\u00e9\u00a0;<\/li>\n\n\n\n<li>T\u00e9l\u00e9chargement de code malveillant ou distribution de virus\u00a0;<\/li>\n\n\n\n<li>Usurper l\u2019identit\u00e9 d\u2019individus ou d\u2019entit\u00e9s ;<\/li>\n\n\n\n<li>Collecte de donn\u00e9es sans consentement ;<\/li>\n\n\n\n<li>Publication de contenu non autoris\u00e9, trompeur ou offensant\u00a0;<\/li>\n\n\n\n<li>Harceler, menacer ou diffamer autrui ;<\/li>\n\n\n\n<li>Tenter de perturber ou de compromettre le fonctionnement de la plateforme.<\/li>\n<\/ul>\n\n\n\n<p>Les violations peuvent entra\u00eener la suspension ou la r\u00e9siliation d\u00e9finitive de l&#039;acc\u00e8s \u00e0 Snapnork, sans pr\u00e9avis.<\/p>\n\n\n\n<h2 class=\"wp-block-heading\"><strong>Article V \u2013 Limitation de responsabilit\u00e9 et garanties<\/strong><\/h2>\n\n\n\n<p>Snapnork fournit son contenu et ses services \u00ab tels quels \u00bb et \u00ab tels que disponibles \u00bb, sans aucune garantie expresse ou implicite.<br>Nous ne garantissons pas un acc\u00e8s ininterrompu, un contenu sans erreur ou une ad\u00e9quation totale \u00e0 vos besoins sp\u00e9cifiques.<br>Dans toute la mesure permise par la loi, Snapnork d\u00e9cline toute responsabilit\u00e9 pour tout dommage direct, indirect, accessoire ou cons\u00e9cutif li\u00e9 \u00e0 votre utilisation du site.<\/p>\n\n\n\n<h2 class=\"wp-block-heading\"><strong>Article VI \u2013 Dur\u00e9e et d\u00e9lais l\u00e9gaux<\/strong><\/h2>\n\n\n\n<p>Les pr\u00e9sentes conditions d\u2019utilisation sont en vigueur pour une dur\u00e9e ind\u00e9termin\u00e9e.<br>Toute r\u00e9clamation ou litige juridique impliquant Snapnork doit \u00eatre initi\u00e9 dans les 90 (quatre-vingt-dix) jours suivant l&#039;\u00e9v\u00e9nement qui y donne lieu.<\/p>\n\n\n\n<h2 class=\"wp-block-heading\"><strong>Article VII \u2013 Loi applicable et juridiction<\/strong><\/h2>\n\n\n\n<p>Les pr\u00e9sentes conditions d&#039;utilisation sont r\u00e9gies et interpr\u00e9t\u00e9es conform\u00e9ment aux lois applicables. <strong>lois de la R\u00e9publique d&#039;Estonie<\/strong>Tout litige, controverse ou r\u00e9clamation d\u00e9coulant des pr\u00e9sentes Conditions g\u00e9n\u00e9rales ou de l&#039;utilisation de ce site web, ou s&#039;y rapportant, sera r\u00e9solu conform\u00e9ment au droit estonien. <strong>La comp\u00e9tence exclusive des tribunaux situ\u00e9s \u00e0 Tallinn, en Estonie, est attribu\u00e9e aux tribunaux de Tallinn.<\/strong>.<br>Cette clause garantit la transparence juridique et l&#039;alignement sur les meilleures pratiques internationales de conformit\u00e9, telles que d\u00e9finies par l&#039;Estonie. <em>Loi sur les obligations<\/em> et <em>Loi sur le droit international priv\u00e9<\/em>.<\/p>\n\n\n\n<h2 class=\"wp-block-heading\"><strong>Article VIII \u2013 Propri\u00e9t\u00e9 intellectuelle<\/strong><\/h2>\n\n\n\n<p>8.1 Tout le contenu publi\u00e9 sur Snapnork, y compris le texte, les graphiques, la mise en page et la marque, est prot\u00e9g\u00e9 par la loi sur la propri\u00e9t\u00e9 intellectuelle.<br>8.2 Vous ne pouvez pas copier, reproduire, republier ou distribuer une partie quelconque du contenu sans autorisation \u00e9crite expresse.<br>8.3 Le contenu soumis par l&#039;utilisateur rel\u00e8ve de la seule responsabilit\u00e9 du contributeur. Snapnork se r\u00e9serve le droit de supprimer tout contenu contraire aux normes l\u00e9gales ou \u00e9thiques.<\/p>\n\n\n\n<h2 class=\"wp-block-heading\"><strong>Article IX \u2013 Modifications des Conditions<\/strong><\/h2>\n\n\n\n<p>Snapnork se r\u00e9serve le droit de modifier, de mettre \u00e0 jour ou d&#039;interrompre toute partie de ces conditions ou de ses services \u00e0 tout moment sans pr\u00e9avis.<br>Il est de votre responsabilit\u00e9 de consulter r\u00e9guli\u00e8rement cette page. L&#039;utilisation continue de la plateforme vaut acceptation des conditions r\u00e9vis\u00e9es.<\/p>\n\n\n\n<h2 class=\"wp-block-heading\"><strong>Article X \u2013 Contact<\/strong><\/h2>\n\n\n\n<p>Si vous avez des questions ou des pr\u00e9occupations concernant ces conditions d&#039;utilisation, veuillez nous contacter \u00e0 l&#039;adresse suivante\u00a0:<br><br> Courriel\u00a0: contact@snapnork.com<\/p>\n\n\n\n<p><strong>SI VOUS N&#039;ACCEPTEZ PAS CES CONDITIONS, VEUILLEZ VOUS ABSTENIR D&#039;UTILISER SNAPNORK ET SES SERVICES.<\/strong><\/p>","protected":false},"excerpt":{"rendered":"<p>Derni\u00e8re mise \u00e0 jour : 27 juin 2025. Snapnork est une plateforme num\u00e9rique ind\u00e9pendante qui publie du contenu ax\u00e9 sur la technologie, l&#039;innovation num\u00e9rique et les tendances strat\u00e9giques du secteur technologique. En acc\u00e9dant \u00e0 ce site Web ou en l&#039;utilisant, vous acceptez les conditions g\u00e9n\u00e9rales d&#039;utilisation et les politiques d\u00e9crites ci-dessous. Ces conditions d&#039;utilisation d\u00e9finissent les droits et les responsabilit\u00e9s des utilisateurs interagissant avec [\u2026]<\/p>","protected":false},"author":198,"featured_media":0,"parent":0,"menu_order":0,"comment_status":"closed","ping_status":"closed","template":"","meta":{"footnotes":""},"_links":{"self":[{"href":"https:\/\/snapnork.com\/fr\/wp-json\/wp\/v2\/pages\/95"}],"collection":[{"href":"https:\/\/snapnork.com\/fr\/wp-json\/wp\/v2\/pages"}],"about":[{"href":"https:\/\/snapnork.com\/fr\/wp-json\/wp\/v2\/types\/page"}],"author":[{"embeddable":true,"href":"https:\/\/snapnork.com\/fr\/wp-json\/wp\/v2\/users\/198"}],"replies":[{"embeddable":true,"href":"https:\/\/snapnork.com\/fr\/wp-json\/wp\/v2\/comments?post=95"}],"version-history":[{"count":3,"href":"https:\/\/snapnork.com\/fr\/wp-json\/wp\/v2\/pages\/95\/revisions"}],"predecessor-version":[{"id":1017,"href":"https:\/\/snapnork.com\/fr\/wp-json\/wp\/v2\/pages\/95\/revisions\/1017"}],"wp:attachment":[{"href":"https:\/\/snapnork.com\/fr\/wp-json\/wp\/v2\/media?parent=95"}],"curies":[{"name":"wp","href":"https:\/\/api.w.org\/{rel}","templated":true}]}}