    {"id":98,"date":"2025-06-27T18:17:14","date_gmt":"2025-06-27T18:17:14","guid":{"rendered":"https:\/\/snapnork.com\/?page_id=98"},"modified":"2025-11-24T20:51:45","modified_gmt":"2025-11-24T20:51:45","slug":"about-us","status":"publish","type":"page","link":"https:\/\/snapnork.com\/fr\/about-us\/","title":{"rendered":"\u00c0 propos de nous"},"content":{"rendered":"<h1 class=\"wp-block-heading\"><\/h1>\n\n\n\n<p><strong>Bienvenue sur Snapnork<\/strong> \u2013 votre plateforme d&#039;informations technologiques, de strat\u00e9gie num\u00e9rique et de contenu ax\u00e9 sur l&#039;innovation. Que vous soyez cr\u00e9ateur, strat\u00e8ge, entrepreneur ou simplement passionn\u00e9 par l&#039;avenir des technologies, Snapnork est l\u00e0 pour vous inspirer et vous informer \u00e0 chaque \u00e9tape.<\/p>\n\n\n\n<h2 class=\"wp-block-heading\"><strong>Ce qui nous motive<\/strong><\/h2>\n\n\n\n<p>Chez Snapnork, nous pensons que la technologie est bien plus qu&#039;un simple outil et une tendance\u00a0: c&#039;est un moteur de transformation. Notre mission est d&#039;explorer l&#039;\u00e9volution du paysage num\u00e9rique \u00e0 travers des contenus stimulants, des cadres pratiques et des perspectives strat\u00e9giques qui aident les individus et les organisations \u00e0 prosp\u00e9rer.<\/p>\n\n\n\n<p>Nous explorons les syst\u00e8mes qui sous-tendent l&#039;\u00e9cosyst\u00e8me num\u00e9rique actuel, analysons les tendances technologiques \u00e9mergentes, d\u00e9couvrons les solutions applicatives qui fa\u00e7onnent notre quotidien et mettons en lumi\u00e8re l&#039;\u00e9volution du marketing au gr\u00e9 des mutations technologiques. Nous privil\u00e9gions la clart\u00e9, la pertinence et l&#039;impact, en partageant des id\u00e9es concr\u00e8tes qui d\u00e9passent le simple effet de mode.<\/p>\n\n\n\n<h2 class=\"wp-block-heading\"><strong>Qui sommes-nous<\/strong><\/h2>\n\n\n\n<p>Nous sommes une \u00e9quipe de r\u00e9dacteurs techniques, de strat\u00e8ges et de personnes curieuses, unis par un objectif commun\u00a0: d\u00e9crypter la complexit\u00e9 et partager l\u2019innovation avec clart\u00e9. Snapnork a \u00e9t\u00e9 cr\u00e9\u00e9 pour faciliter la compr\u00e9hension de la technologie, en transformant les connaissances techniques en r\u00e9cits captivants et accessibles.<\/p>\n\n\n\n<p>Notre travail met en lumi\u00e8re celles et ceux qui b\u00e2tissent et fa\u00e7onnent le monde num\u00e9rique\u00a0: des innovateurs qui con\u00e7oivent des syst\u00e8mes plus intelligents, des sp\u00e9cialistes du marketing qui s\u2019adaptent \u00e0 l\u2019\u00e9volution rapide du secteur, des d\u00e9veloppeurs qui cr\u00e9ent des applications performantes et des dirigeants qui anticipent l\u2019avenir. Nous \u00e9crivons pour les penseurs, les b\u00e2tisseurs et les d\u00e9cideurs qui souhaitent garder une longueur d\u2019avance et comprendre les forces qui red\u00e9finissent le futur.<\/p>\n\n\n\n<h2 class=\"wp-block-heading\"><strong>Impliquez-vous<\/strong><\/h2>\n\n\n\n<p>Vous avez un sujet que vous aimeriez voir abord\u00e9\u00a0? Vous souhaitez contribuer \u00e0 un article ou proposer une id\u00e9e\u00a0? N&#039;h\u00e9sitez pas \u00e0 nous contacter. Chez Snapnork, vos id\u00e9es et vos commentaires nous aident \u00e0 \u00e9voluer, tout comme les technologies sur lesquelles nous \u00e9crivons.<\/p>\n\n\n\n<p>Fa\u00e7onnons l&#039;avenir de la technologie \u2014 un article, une perspective, une innovation \u00e0 la fois.<\/p>","protected":false},"excerpt":{"rendered":"<p>Bienvenue sur Snapnork \u2013 votre plateforme d&#039;informations technologiques, de strat\u00e9gie num\u00e9rique et de contenus ax\u00e9s sur l&#039;innovation. Que vous soyez cr\u00e9ateur, strat\u00e8ge, entrepreneur ou simplement passionn\u00e9 par l&#039;avenir de la technologie, Snapnork est l\u00e0 pour vous inspirer et vous informer \u00e0 chaque \u00e9tape. Ce qui nous motive\u00a0: Chez Snapnork, nous pensons que la technologie est bien plus que de simples outils et tendances\u00a0\u2014 [\u2026]<\/p>","protected":false},"author":198,"featured_media":0,"parent":0,"menu_order":0,"comment_status":"closed","ping_status":"closed","template":"","meta":{"footnotes":""},"_links":{"self":[{"href":"https:\/\/snapnork.com\/fr\/wp-json\/wp\/v2\/pages\/98"}],"collection":[{"href":"https:\/\/snapnork.com\/fr\/wp-json\/wp\/v2\/pages"}],"about":[{"href":"https:\/\/snapnork.com\/fr\/wp-json\/wp\/v2\/types\/page"}],"author":[{"embeddable":true,"href":"https:\/\/snapnork.com\/fr\/wp-json\/wp\/v2\/users\/198"}],"replies":[{"embeddable":true,"href":"https:\/\/snapnork.com\/fr\/wp-json\/wp\/v2\/comments?post=98"}],"version-history":[{"count":2,"href":"https:\/\/snapnork.com\/fr\/wp-json\/wp\/v2\/pages\/98\/revisions"}],"predecessor-version":[{"id":1020,"href":"https:\/\/snapnork.com\/fr\/wp-json\/wp\/v2\/pages\/98\/revisions\/1020"}],"wp:attachment":[{"href":"https:\/\/snapnork.com\/fr\/wp-json\/wp\/v2\/media?parent=98"}],"curies":[{"name":"wp","href":"https:\/\/api.w.org\/{rel}","templated":true}]}}