    {"id":100,"date":"2025-06-27T18:17:57","date_gmt":"2025-06-27T18:17:57","guid":{"rendered":"https:\/\/snapnork.com\/?page_id=100"},"modified":"2025-11-24T20:51:14","modified_gmt":"2025-11-24T20:51:14","slug":"contact","status":"publish","type":"page","link":"https:\/\/snapnork.com\/pt\/contact\/","title":{"rendered":"Contato"},"content":{"rendered":"<p>Obrigado pela visita <strong>Snapnork<\/strong>, seu destino para insights sobre tecnologia, estrat\u00e9gia digital e conte\u00fado focado em inova\u00e7\u00e3o. Valorizamos seu engajamento e estamos sempre abertos para conectar, colaborar e trocar ideias.<\/p>\n\n\n\n<h3 class=\"wp-block-heading\"><strong>Consultas Gerais<\/strong><\/h3>\n\n\n\n<p>Tem alguma d\u00favida sobre o Snapnork ou simplesmente quer entrar em contato? Envie um e-mail para <strong>contato@snapnork.com<\/strong><br>Teremos prazer em ouvir outros inovadores, criadores e pensadores \u2014 e entraremos em contato com voc\u00ea o mais breve poss\u00edvel.<\/p>\n\n\n\n<h3 class=\"wp-block-heading\"><strong>Ideias e contribui\u00e7\u00f5es de conte\u00fado<\/strong><\/h3>\n\n\n\n<p>Quer propor um t\u00f3pico, contribuir com um artigo ou sugerir um tema que devemos explorar? Entre em contato conosco <strong>contato@snapnork.com<\/strong><br>Damos boas-vindas a vozes diversas e novas perspectivas sobre tecnologia, inova\u00e7\u00e3o e cultura digital.<\/p>\n\n\n\n<h3 class=\"wp-block-heading\"><strong>Suporte t\u00e9cnico<\/strong><\/h3>\n\n\n\n<p>Est\u00e1 com algum problema no site ou com acesso ao conte\u00fado? Entre em contato conosco pelo e-mail <strong>contato@snapnork.com<\/strong><br>Nossa equipe est\u00e1 aqui para garantir que sua experi\u00eancia ocorra sem problemas.<\/p>\n\n\n\n<h3 class=\"wp-block-heading\"><strong>Fique conectado<\/strong><\/h3>\n\n\n\n<p>O Snapnork \u00e9 uma plataforma nativa digital criada para um p\u00fablico global. Embora n\u00e3o tenhamos um escrit\u00f3rio f\u00edsico, estamos sempre online \u2014 prontos para nos conectar e evoluir com a nossa comunidade.<\/p>\n\n\n\n<p>Obrigado por fazer parte da rede Snapnork. Aguardamos seu contato!<\/p>\n\n\n\n<p><strong>Atenciosamente,<\/strong><br><em>A equipe Snapnork<\/em><\/p>","protected":false},"excerpt":{"rendered":"<p>Obrigado por visitar o Snapnork, seu destino para insights de tecnologia, estrat\u00e9gia digital e conte\u00fado focado em inova\u00e7\u00e3o. Valorizamos seu engajamento e estamos sempre abertos a conectar, colaborar e trocar ideias. D\u00favidas gerais Tem alguma pergunta sobre o Snapnork ou simplesmente quer entrar em contato? Envie um e-mail para contact@snapnork.com. Ficaremos felizes em ouvir outros inovadores, criadores e pensadores \u2014 e [\u2026]<\/p>","protected":false},"author":198,"featured_media":0,"parent":0,"menu_order":0,"comment_status":"closed","ping_status":"closed","template":"","meta":{"footnotes":""},"_links":{"self":[{"href":"https:\/\/snapnork.com\/pt\/wp-json\/wp\/v2\/pages\/100"}],"collection":[{"href":"https:\/\/snapnork.com\/pt\/wp-json\/wp\/v2\/pages"}],"about":[{"href":"https:\/\/snapnork.com\/pt\/wp-json\/wp\/v2\/types\/page"}],"author":[{"embeddable":true,"href":"https:\/\/snapnork.com\/pt\/wp-json\/wp\/v2\/users\/198"}],"replies":[{"embeddable":true,"href":"https:\/\/snapnork.com\/pt\/wp-json\/wp\/v2\/comments?post=100"}],"version-history":[{"count":2,"href":"https:\/\/snapnork.com\/pt\/wp-json\/wp\/v2\/pages\/100\/revisions"}],"predecessor-version":[{"id":1019,"href":"https:\/\/snapnork.com\/pt\/wp-json\/wp\/v2\/pages\/100\/revisions\/1019"}],"wp:attachment":[{"href":"https:\/\/snapnork.com\/pt\/wp-json\/wp\/v2\/media?parent=100"}],"curies":[{"name":"wp","href":"https:\/\/api.w.org\/{rel}","templated":true}]}}