    {"id":98,"date":"2025-06-27T18:17:14","date_gmt":"2025-06-27T18:17:14","guid":{"rendered":"https:\/\/snapnork.com\/?page_id=98"},"modified":"2025-11-24T20:51:45","modified_gmt":"2025-11-24T20:51:45","slug":"about-us","status":"publish","type":"page","link":"https:\/\/snapnork.com\/pt\/about-us\/","title":{"rendered":"Sobre n\u00f3s"},"content":{"rendered":"<h1 class=\"wp-block-heading\"><\/h1>\n\n\n\n<p><strong>Bem-vindo ao Snapnork<\/strong> \u2013 seu centro de insights sobre tecnologia, estrat\u00e9gia digital e conte\u00fado voltado para a inova\u00e7\u00e3o. Seja voc\u00ea um criador, estrategista, empreendedor ou simplesmente apaixonado pelo futuro da tecnologia, o Snapnork est\u00e1 aqui para inspirar e informar em cada passo do caminho.<\/p>\n\n\n\n<h2 class=\"wp-block-heading\"><strong>O que nos move<\/strong><\/h2>\n\n\n\n<p>Na Snapnork, acreditamos que a tecnologia \u00e9 mais do que ferramentas e tend\u00eancias \u2014 \u00e9 uma for\u00e7a transformadora. Nossa miss\u00e3o \u00e9 explorar o cen\u00e1rio digital em constante evolu\u00e7\u00e3o por meio de conte\u00fado instigante, estruturas pr\u00e1ticas e perspectivas estrat\u00e9gicas que ajudam indiv\u00edduos e organiza\u00e7\u00f5es a prosperar.<\/p>\n\n\n\n<p>Analisamos os sistemas que impulsionam o ecossistema digital atual, exploramos as tend\u00eancias tecnol\u00f3gicas emergentes, investigamos solu\u00e7\u00f5es baseadas em aplicativos que moldam o cotidiano e destacamos como o marketing evolui em paralelo \u00e0s mudan\u00e7as tecnol\u00f3gicas. Nosso foco \u00e9 clareza, relev\u00e2ncia e impacto \u2014 compartilhando ideias que v\u00e3o al\u00e9m de meros clich\u00eas e agregam valor real.<\/p>\n\n\n\n<h2 class=\"wp-block-heading\"><strong>Quem somos<\/strong><\/h2>\n\n\n\n<p>Somos uma equipe de redatores de tecnologia, estrategistas e mentes curiosas unidas por um objetivo: decifrar a complexidade e compartilhar inova\u00e7\u00f5es com clareza. A Snapnork foi criada para preencher a lacuna entre a tecnologia e a compreens\u00e3o, transformando insights t\u00e9cnicos em narrativas envolventes e acess\u00edveis.<\/p>\n\n\n\n<p>Nosso trabalho reflete as pessoas que constroem e moldam o mundo digital: inovadores que projetam sistemas mais inteligentes, profissionais de marketing que se adaptam \u00e0s r\u00e1pidas mudan\u00e7as, desenvolvedores que criam aplicativos poderosos e l\u00edderes que desvendam o que est\u00e1 por vir. Escrevemos para pensadores, construtores e tomadores de decis\u00e3o que desejam estar \u00e0 frente das tend\u00eancias e compreender as for\u00e7as que est\u00e3o redefinindo o futuro.<\/p>\n\n\n\n<h2 class=\"wp-block-heading\"><strong>Envolva-se<\/strong><\/h2>\n\n\n\n<p>Tem um t\u00f3pico que gostaria de ver abordado? Quer contribuir com um artigo ou apresentar uma ideia? Adorar\u00edamos ouvir voc\u00ea. Na Snapnork, seus insights e feedback nos ajudam a evoluir, assim como as tecnologias sobre as quais escrevemos.<\/p>\n\n\n\n<p>Vamos moldar o futuro da tecnologia \u2014 uma publica\u00e7\u00e3o, uma perspectiva, uma inova\u00e7\u00e3o de cada vez.<\/p>","protected":false},"excerpt":{"rendered":"<p>Bem-vindo(a) ao Snapnork \u2013 seu centro de insights tecnol\u00f3gicos, estrat\u00e9gia digital e conte\u00fado inovador. Seja voc\u00ea um criador, estrategista, empreendedor ou simplesmente apaixonado(a) pelo futuro da tecnologia, o Snapnork est\u00e1 aqui para inspirar e informar em cada etapa do processo. O que nos motiva? No Snapnork, acreditamos que a tecnologia \u00e9 mais do que ferramentas e tend\u00eancias \u2014 [\u2026]<\/p>","protected":false},"author":198,"featured_media":0,"parent":0,"menu_order":0,"comment_status":"closed","ping_status":"closed","template":"","meta":{"footnotes":""},"_links":{"self":[{"href":"https:\/\/snapnork.com\/pt\/wp-json\/wp\/v2\/pages\/98"}],"collection":[{"href":"https:\/\/snapnork.com\/pt\/wp-json\/wp\/v2\/pages"}],"about":[{"href":"https:\/\/snapnork.com\/pt\/wp-json\/wp\/v2\/types\/page"}],"author":[{"embeddable":true,"href":"https:\/\/snapnork.com\/pt\/wp-json\/wp\/v2\/users\/198"}],"replies":[{"embeddable":true,"href":"https:\/\/snapnork.com\/pt\/wp-json\/wp\/v2\/comments?post=98"}],"version-history":[{"count":2,"href":"https:\/\/snapnork.com\/pt\/wp-json\/wp\/v2\/pages\/98\/revisions"}],"predecessor-version":[{"id":1020,"href":"https:\/\/snapnork.com\/pt\/wp-json\/wp\/v2\/pages\/98\/revisions\/1020"}],"wp:attachment":[{"href":"https:\/\/snapnork.com\/pt\/wp-json\/wp\/v2\/media?parent=98"}],"curies":[{"name":"wp","href":"https:\/\/api.w.org\/{rel}","templated":true}]}}