    {"id":100,"date":"2025-06-27T18:17:57","date_gmt":"2025-06-27T18:17:57","guid":{"rendered":"https:\/\/snapnork.com\/?page_id=100"},"modified":"2025-11-24T20:51:14","modified_gmt":"2025-11-24T20:51:14","slug":"contact","status":"publish","type":"page","link":"https:\/\/snapnork.com\/ro\/contact\/","title":{"rendered":"Contact"},"content":{"rendered":"<p>V\u0103 mul\u021bumim pentru vizit\u0103 <strong>Snapnork<\/strong>, destina\u021bia ta pentru informa\u021bii tehnologice, strategie digital\u0103 \u0219i con\u021binut axat pe inova\u021bie. Apreciem implicarea ta \u0219i suntem \u00eentotdeauna deschi\u0219i s\u0103 te conectezi, s\u0103 colaborezi \u0219i s\u0103 faci schimb de idei.<\/p>\n\n\n\n<h3 class=\"wp-block-heading\"><strong>\u00centreb\u0103ri generale<\/strong><\/h3>\n\n\n\n<p>Ave\u021bi o \u00eentrebare despre Snapnork sau dori\u021bi doar s\u0103 ne contacta\u021bi? Trimite\u021bi-ne un e-mail la <strong>contact@snapnork.com<\/strong><br>Ne bucur\u0103m s\u0103 auzim p\u0103rerile altor inovatori, creatori \u0219i g\u00e2nditori - \u0219i v\u0103 vom r\u0103spunde c\u00e2t mai cur\u00e2nd posibil.<\/p>\n\n\n\n<h3 class=\"wp-block-heading\"><strong>Idei \u0219i contribu\u021bii de con\u021binut<\/strong><\/h3>\n\n\n\n<p>Vrei s\u0103 propui un subiect, s\u0103 contribui cu un articol sau s\u0103 sugerezi o tem\u0103 pe care ar trebui s\u0103 o explor\u0103m? Contacteaz\u0103-ne <strong>contact@snapnork.com<\/strong><br>Salut\u0103m voci diverse \u0219i perspective noi asupra tehnologiei, inova\u021biei \u0219i culturii digitale.<\/p>\n\n\n\n<h3 class=\"wp-block-heading\"><strong>Asisten\u021b\u0103 tehnic\u0103<\/strong><\/h3>\n\n\n\n<p>\u00cent\u00e2mpina\u021bi o problem\u0103 cu site-ul sau ave\u021bi dificult\u0103\u021bi la accesarea con\u021binutului? Contacta\u021bi-ne la <strong>contact@snapnork.com<\/strong><br>Echipa noastr\u0103 este aici pentru a v\u0103 asigura c\u0103 experien\u021ba dumneavoastr\u0103 se desf\u0103\u0219oar\u0103 f\u0103r\u0103 probleme.<\/p>\n\n\n\n<h3 class=\"wp-block-heading\"><strong>R\u0103m\u00e2i conectat<\/strong><\/h3>\n\n\n\n<p>Snapnork este o platform\u0103 digital\u0103 nativ\u0103, construit\u0103 pentru un public global. De\u0219i nu avem un birou fizic, suntem mereu online - gata s\u0103 ne conect\u0103m \u0219i s\u0103 evolu\u0103m al\u0103turi de comunitatea noastr\u0103.<\/p>\n\n\n\n<p>\u00ce\u021bi mul\u021bumim c\u0103 faci parte din re\u021beaua Snapnork. A\u0219tept\u0103m cu ner\u0103bdare s\u0103 te auzim!<\/p>\n\n\n\n<p><strong>Salut\u0103ri,<\/strong><br><em>Echipa Snapnork<\/em><\/p>","protected":false},"excerpt":{"rendered":"<p>V\u0103 mul\u021bumim c\u0103 a\u021bi vizitat Snapnork, destina\u021bia dvs. pentru informa\u021bii despre tehnologie, strategie digital\u0103 \u0219i con\u021binut axat pe inova\u021bie. V\u0103 pre\u021buim implicarea \u0219i suntem \u00eentotdeauna deschi\u0219i s\u0103 v\u0103 conecta\u021bi, s\u0103 colabora\u021bi \u0219i s\u0103 schimba\u021bi idei. \u00centreb\u0103ri generale Ave\u021bi o \u00eentrebare despre Snapnork sau dori\u021bi doar s\u0103 ne contacta\u021bi? Trimite\u021bi-ne un e-mail la contact@snapnork.com Ne bucur\u0103m s\u0103 auzim de la al\u021bi inovatori, creatori \u0219i g\u00e2nditori - \u0219i [\u2026]<\/p>","protected":false},"author":198,"featured_media":0,"parent":0,"menu_order":0,"comment_status":"closed","ping_status":"closed","template":"","meta":{"footnotes":""},"_links":{"self":[{"href":"https:\/\/snapnork.com\/ro\/wp-json\/wp\/v2\/pages\/100"}],"collection":[{"href":"https:\/\/snapnork.com\/ro\/wp-json\/wp\/v2\/pages"}],"about":[{"href":"https:\/\/snapnork.com\/ro\/wp-json\/wp\/v2\/types\/page"}],"author":[{"embeddable":true,"href":"https:\/\/snapnork.com\/ro\/wp-json\/wp\/v2\/users\/198"}],"replies":[{"embeddable":true,"href":"https:\/\/snapnork.com\/ro\/wp-json\/wp\/v2\/comments?post=100"}],"version-history":[{"count":2,"href":"https:\/\/snapnork.com\/ro\/wp-json\/wp\/v2\/pages\/100\/revisions"}],"predecessor-version":[{"id":1019,"href":"https:\/\/snapnork.com\/ro\/wp-json\/wp\/v2\/pages\/100\/revisions\/1019"}],"wp:attachment":[{"href":"https:\/\/snapnork.com\/ro\/wp-json\/wp\/v2\/media?parent=100"}],"curies":[{"name":"wp","href":"https:\/\/api.w.org\/{rel}","templated":true}]}}