    {"id":102,"date":"2025-06-27T18:21:04","date_gmt":"2025-06-27T18:21:04","guid":{"rendered":"https:\/\/snapnork.com\/?page_id=102"},"modified":"2025-11-24T20:50:55","modified_gmt":"2025-11-24T20:50:55","slug":"privacy-policy","status":"publish","type":"page","link":"https:\/\/snapnork.com\/ro\/privacy-policy\/","title":{"rendered":"Politica de confiden\u021bialitate"},"content":{"rendered":"<p>Confiden\u021bialitatea dumneavoastr\u0103 este important\u0103 pentru noi. Este <strong>SNAPNORK<\/strong>politica de a respecta confiden\u021bialitatea dumneavoastr\u0103 cu privire la orice informa\u021bii pe care le putem colecta de la dumneavoastr\u0103 prin intermediul site-ului nostru web, <strong>SNAPNORK<\/strong>\u0219i alte site-uri pe care le de\u021binem \u0219i le oper\u0103m.<\/p>\n\n\n\n<p>V\u0103 solicit\u0103m informa\u021bii personale doar atunci c\u00e2nd avem cu adev\u0103rat nevoie de ele pentru a v\u0103 oferi un serviciu. Le colect\u0103m prin mijloace corecte \u0219i legale, cu \u0219tirea \u0219i consim\u021b\u0103m\u00e2ntul dumneavoastr\u0103. De asemenea, v\u0103 inform\u0103m de ce le colect\u0103m \u0219i cum vor fi utilizate.<\/p>\n\n\n\n<p>P\u0103str\u0103m informa\u021biile colectate doar at\u00e2t timp c\u00e2t este necesar pentru a v\u0103 oferi serviciul solicitat. Datele pe care le stoc\u0103m vor fi protejate \u00een limite acceptabile din punct de vedere comercial pentru a preveni pierderea \u0219i furtul, precum \u0219i accesul, divulgarea, copierea, utilizarea sau modificarea neautorizat\u0103.<\/p>\n\n\n\n<p>Nu \u00eemp\u0103rt\u0103\u0219im nicio informa\u021bie de identificare personal\u0103 public sau cu ter\u021be p\u0103r\u021bi, cu excep\u021bia cazurilor \u00een care acest lucru este impus de lege.<\/p>\n\n\n\n<p>Site-ul nostru web poate con\u021bine linkuri c\u0103tre site-uri externe care nu sunt operate de noi. V\u0103 rug\u0103m s\u0103 re\u021bine\u021bi c\u0103 nu avem control asupra con\u021binutului \u0219i practicilor acestor site-uri \u0219i nu ne putem asuma responsabilitatea pentru politicile lor de confiden\u021bialitate respective.<\/p>\n\n\n\n<p>Sunte\u021bi liber s\u0103 refuza\u021bi solicitarea noastr\u0103 de a v\u0103 furniza informa\u021biile personale, cu \u00een\u021belegerea faptului c\u0103 este posibil s\u0103 nu v\u0103 putem oferi unele dintre serviciile dorite.<\/p>\n\n\n\n<p>Utilizarea \u00een continuare a site-ului nostru web va fi considerat\u0103 o acceptare a practicilor noastre privind confiden\u021bialitatea \u0219i informa\u021biile personale. Dac\u0103 ave\u021bi \u00eentreb\u0103ri despre modul \u00een care gestion\u0103m datele utilizatorilor \u0219i informa\u021biile personale, nu ezita\u021bi s\u0103 ne contacta\u021bi.<\/p>\n\n\n\n<h1 class=\"wp-block-heading\"><strong>Politica privind cookie-urile pentru SNAPNORK<\/strong><\/h1>\n\n\n\n<p>Aceasta este Politica privind cookie-urile pentru <strong>SNAPNORK<\/strong>, accesibil de la https:\/\/snapnork.com<\/p>\n\n\n\n<h2 class=\"wp-block-heading\"><strong>Ce sunt cookie-urile<\/strong><\/h2>\n\n\n\n<p>A\u0219a cum este practica obi\u0219nuit\u0103 la aproape toate site-urile web profesionale, acest site utilizeaz\u0103 cookie-uri, care sunt fi\u0219iere minuscule care sunt desc\u0103rcate pe computer, pentru a v\u0103 \u00eembun\u0103t\u0103\u021bi experien\u021ba. Aceast\u0103 pagin\u0103 descrie ce informa\u021bii colecteaz\u0103, cum le folosim \u0219i de ce uneori trebuie s\u0103 stoc\u0103m aceste cookie-uri. De asemenea, v\u0103 vom \u00eemp\u0103rt\u0103\u0219i cum pute\u021bi \u00eempiedica stocarea acestor cookie-uri; cu toate acestea, acest lucru poate reduce sau \u201edefecta\u201d anumite elemente ale func\u021bionalit\u0103\u021bii site-ului.<\/p>\n\n\n\n<h2 class=\"wp-block-heading\"><strong>Cum folosim cookie-urile<\/strong><\/h2>\n\n\n\n<p>Folosim cookie-uri din diverse motive, detaliate mai jos. Din p\u0103cate, \u00een majoritatea cazurilor, nu exist\u0103 op\u021biuni standard \u00een industrie pentru dezactivarea cookie-urilor f\u0103r\u0103 a dezactiva complet func\u021bionalitatea \u0219i caracteristicile pe care le adaug\u0103 acestui site. Este recomandat s\u0103 l\u0103sa\u021bi toate cookie-urile activate dac\u0103 nu sunte\u021bi sigur dac\u0103 ave\u021bi nevoie de ele sau nu, \u00een cazul \u00een care acestea sunt utilizate pentru a furniza un serviciu pe care \u00eel utiliza\u021bi.<\/p>\n\n\n\n<h2 class=\"wp-block-heading\"><strong>Dezactivarea cookie-urilor<\/strong><\/h2>\n\n\n\n<p>Pute\u021bi \u00eempiedica setarea cookie-urilor prin ajustarea set\u0103rilor browserului dvs. (consulta\u021bi sec\u021biunea de ajutor a browserului pentru a afla cum s\u0103 face\u021bi acest lucru). Re\u021bine\u021bi c\u0103 dezactivarea cookie-urilor va afecta func\u021bionalitatea acestui site \u0219i a multor altor site-uri web pe care le vizita\u021bi. Dezactivarea cookie-urilor va duce, de obicei, \u0219i la dezactivarea anumitor func\u021bionalit\u0103\u021bi \u0219i caracteristici ale acestui site. Prin urmare, este recomandat s\u0103 nu dezactiva\u021bi cookie-urile.<\/p>\n\n\n\n<h2 class=\"wp-block-heading\"><strong>Cookie-urile pe care le set\u0103m<\/strong><\/h2>\n\n\n\n<h3 class=\"wp-block-heading\"><strong>Cookie-uri legate de cont<\/strong><\/h3>\n\n\n\n<p>Dac\u0103 v\u0103 crea\u021bi un cont la noi, vom folosi cookie-uri pentru gestionarea procesului de \u00eenregistrare \u0219i administrarea general\u0103. Aceste cookie-uri vor fi de obicei \u0219terse la deconectare, \u00eens\u0103 \u00een unele cazuri, acestea pot r\u0103m\u00e2ne ulterior pentru a v\u0103 aminti preferin\u021bele site-ului dup\u0103 deconectare.<\/p>\n\n\n\n<h3 class=\"wp-block-heading\"><strong>Cookie-uri legate de conectare<\/strong><\/h3>\n\n\n\n<p>Folosim cookie-uri atunci c\u00e2nd sunte\u021bi conectat (\u0103), pentru a ne aminti acest lucru. Acest lucru v\u0103 \u00eempiedic\u0103 s\u0103 v\u0103 conecta\u021bi de fiecare dat\u0103 c\u00e2nd vizita\u021bi o pagin\u0103 nou\u0103. Aceste cookie-uri sunt de obicei eliminate sau \u0219terse atunci c\u00e2nd v\u0103 deconecta\u021bi, pentru a ne asigura c\u0103 pute\u021bi accesa doar func\u021bii \u0219i zone restric\u021bionate atunci c\u00e2nd sunte\u021bi conectat (\u0103).<\/p>\n\n\n\n<h3 class=\"wp-block-heading\"><strong>Cookie-uri legate de newsletterele prin e-mail<\/strong><\/h3>\n\n\n\n<p>Acest site ofer\u0103 servicii de abonare la newsletter sau e-mail, iar cookie-urile pot fi utilizate pentru a re\u021bine dac\u0103 sunte\u021bi deja \u00eenregistrat \u0219i dac\u0103 s\u0103 afi\u0219a\u021bi anumite notific\u0103ri, care ar putea fi valabile doar pentru utilizatorii abona\u021bi\/neabona\u021bi.<\/p>\n\n\n\n<h3 class=\"wp-block-heading\"><strong>Cookie-uri legate de procesarea comenzilor<\/strong><\/h3>\n\n\n\n<p>Acest site ofer\u0103 facilit\u0103\u021bi de comer\u021b electronic sau de plat\u0103, iar unele cookie-uri sunt esen\u021biale pentru a ne asigura c\u0103 comanda dvs. este memorat\u0103 \u00eentre pagini, astfel \u00eenc\u00e2t s\u0103 o putem procesa corect.<\/p>\n\n\n\n<h3 class=\"wp-block-heading\"><strong>Cookie-uri legate de sondaje<\/strong><\/h3>\n\n\n\n<p>Din c\u00e2nd \u00een c\u00e2nd, oferim sondaje \u0219i chestionare pentru utilizatori, menite s\u0103 v\u0103 ofere informa\u021bii interesante, instrumente utile sau pentru a \u00een\u021belege mai bine baza noastr\u0103 de utilizatori. Aceste sondaje pot utiliza cookie-uri pentru a-\u0219i aminti cine a participat deja la un sondaj sau pentru a v\u0103 oferi rezultate precise dup\u0103 ce schimba\u021bi paginile.<\/p>\n\n\n\n<h3 class=\"wp-block-heading\"><strong>Cookie-uri legate de formulare<\/strong><\/h3>\n\n\n\n<p>C\u00e2nd trimite\u021bi date printr-un formular, cum ar fi cele g\u0103site pe paginile de contact sau formularele de comentarii, pot fi setate cookie-uri pentru a re\u021bine datele dvs. de utilizator pentru coresponden\u021ba viitoare.<\/p>\n\n\n\n<h3 class=\"wp-block-heading\"><strong>Cookie-uri pentru preferin\u021bele site-ului<\/strong><\/h3>\n\n\n\n<p>Pentru a v\u0103 oferi o experien\u021b\u0103 excelent\u0103 pe acest site, v\u0103 oferim func\u021bionalitatea de a v\u0103 seta preferin\u021bele privind modul \u00een care func\u021bioneaz\u0103 acest site atunci c\u00e2nd \u00eel utiliza\u021bi. Pentru a re\u021bine preferin\u021bele dvs., trebuie s\u0103 set\u0103m cookie-uri astfel \u00eenc\u00e2t aceste informa\u021bii s\u0103 poat\u0103 fi accesate de fiecare dat\u0103 c\u00e2nd interac\u021biona\u021bi cu o pagin\u0103 care este afectat\u0103 de preferin\u021bele dvs.<\/p>\n\n\n\n<h2 class=\"wp-block-heading\"><strong>Cookie-uri ter\u021be<\/strong><\/h2>\n\n\n\n<p>\u00cen anumite cazuri speciale, folosim \u0219i cookie-uri furnizate de ter\u021be p\u0103r\u021bi de \u00eencredere. Urm\u0103toarea sec\u021biune detaliaz\u0103 cookie-urile ter\u021be pe care le pute\u021bi \u00eent\u00e2lni prin intermediul acestui site.<\/p>\n\n\n\n<ul>\n<li><strong>Google Analytics<\/strong><br>Acest site utilizeaz\u0103 Google Analytics, una dintre cele mai r\u0103sp\u00e2ndite \u0219i de \u00eencredere solu\u021bii de analiz\u0103 de pe web, pentru a ne ajuta s\u0103 \u00een\u021belegem cum utiliza\u021bi site-ul \u0219i cum v\u0103 putem \u00eembun\u0103t\u0103\u021bi experien\u021ba. Aceste cookie-uri pot urm\u0103ri lucruri precum timpul petrecut pe site \u0219i paginile pe care le vizita\u021bi, astfel \u00eenc\u00e2t s\u0103 putem continua s\u0103 producem con\u021binut captivant. Pentru mai multe informa\u021bii despre cookie-urile Google Analytics, consulta\u021bi site-ul oficial. <a>Pagina Google Analytics<\/a>.<\/li>\n\n\n\n<li><strong>Analize ter\u021be<\/strong><br>Acestea sunt folosite pentru a urm\u0103ri \u0219i m\u0103sura utilizarea acestui site, astfel \u00eenc\u00e2t s\u0103 putem continua s\u0103 producem con\u021binut relevant. Aceste cookie-uri pot urm\u0103ri c\u00e2t timp petrece\u021bi pe site sau ce pagini vizita\u021bi, ceea ce ne ajut\u0103 s\u0103 \u00een\u021belegem cum s\u0103 \u00eembun\u0103t\u0103\u021bim site-ul pentru dvs.<\/li>\n\n\n\n<li><strong>Testare \u0219i optimizare<\/strong><br>Din c\u00e2nd \u00een c\u00e2nd, test\u0103m func\u021bii noi \u0219i facem modific\u0103ri subtile modului \u00een care este livrat site-ul. \u00cen timpul test\u0103rii, este posibil s\u0103 se utilizeze cookie-uri pentru a v\u0103 asigura o experien\u021b\u0103 consistent\u0103, \u00een timp ce colect\u0103m date despre modific\u0103rile care sunt cele mai apreciate.<\/li>\n\n\n\n<li><strong>Publicitate \u0219i urm\u0103rirea conversiilor<\/strong><br>Dac\u0103 vindem produse sau promov\u0103m servicii, aceste cookie-uri ne ajut\u0103 s\u0103 m\u0103sur\u0103m succesul eforturilor de marketing. Acestea ofer\u0103 informa\u021bii despre c\u00e2\u021bi utilizatori finalizeaz\u0103 o achizi\u021bie sau o ac\u021biune dup\u0103 ce au interac\u021bionat cu con\u021binutul, ceea ce ne ajut\u0103 s\u0103 ne rafin\u0103m strategiile.<\/li>\n\n\n\n<li><strong>Integr\u0103ri de social media<\/strong><br>De asemenea, folosim butoane \u0219i\/sau pluginuri de social media pe acest site care v\u0103 permit s\u0103 v\u0103 conecta\u021bi la re\u021belele dvs. sociale \u00een diverse moduri. Pentru ca acestea s\u0103 func\u021bioneze, urm\u0103toarele site-uri de socializare - cum ar fi Instagram, LinkedIn sau Twitter\/X - pot seta cookie-uri prin intermediul site-ului nostru. Aceste cookie-uri pot fi utilizate pentru a v\u0103 \u00eembun\u0103t\u0103\u021bi profilul sau pentru a contribui la datele pe care le de\u021bin \u00een scopuri proprii, a\u0219a cum sunt descrise \u00een politicile lor de confiden\u021bialitate respective.<\/li>\n<\/ul>\n\n\n\n<h3 class=\"wp-block-heading\">Publicitate (Google AdSense) \u0219i op\u021biunile dvs.<\/h3>\n\n\n\n<p>Acest site folose\u0219te Google AdSense pentru a afi\u0219a reclame. Google \u0219i partenerii s\u0103i pot utiliza module cookie sau alte tehnologii pentru a livra, m\u0103sura \u0219i personaliza reclame pe baza vizitelor dvs. pe acest site \u0219i pe alte site-uri web.<\/p>\n\n\n\n<p>Pentru a afla cum utilizeaz\u0103 Google datele de pe site-urile \u0219i aplica\u021biile care utilizeaz\u0103 serviciile sale, accesa\u021bi:<br><a href=\"https:\/\/policies.google.com\/technologies\/partner-sites\">https:\/\/policies.google.com\/technologies\/partner-sites<\/a><\/p>\n\n\n\n<p><strong>Renun\u021barea la reclamele personalizate:<\/strong><br>Pute\u021bi renun\u021ba la publicitatea personalizat\u0103 de la Google acces\u00e2nd sec\u021biunea dvs. <strong><a href=\"https:\/\/adssettings.google.com\/\">Set\u0103ri anun\u021buri (Centrul meu de anun\u021buri)<\/a><\/strong>.<br>Alternativ, pute\u021bi renun\u021ba la publicitatea bazat\u0103 pe interese de la mul\u021bi al\u021bi furnizori de reclame acces\u00e2nd <strong><a href=\"https:\/\/www.aboutads.info\/choices\/\">AboutAds.info\/choices<\/a><\/strong>.<\/p>\n\n\n\n<p>Not\u0103: Chiar dac\u0103 renun\u021ba\u021bi, ve\u021bi vedea \u00een continuare reclame, dar acestea pot fi mai pu\u021bin relevante pentru interesele dvs.<\/p>\n\n\n\n<h2 class=\"wp-block-heading\"><\/h2>\n\n\n\n<h2 class=\"wp-block-heading\"><strong>Mai multe informa\u021bii<\/strong><\/h2>\n\n\n\n<p>Sper\u0103m c\u0103 acest lucru a clarificat lucrurile pentru dvs. Dup\u0103 cum am men\u021bionat mai sus, dac\u0103 nu sunte\u021bi sigur dac\u0103 ave\u021bi nevoie de cookie-uri sau nu, este de obicei mai sigur s\u0103 le l\u0103sa\u021bi activate \u00een cazul \u00een care acestea interac\u021bioneaz\u0103 cu una dintre func\u021biile pe care le utiliza\u021bi pe site-ul nostru.<\/p>\n\n\n\n<p><strong>Aceast\u0103 politic\u0103 este \u00een vigoare \u00eencep\u00e2nd cu martie 2025.<\/strong><\/p>","protected":false},"excerpt":{"rendered":"<p>Confiden\u021bialitatea dumneavoastr\u0103 este important\u0103 pentru noi. Politica SNAPNORK este de a respecta confiden\u021bialitatea dumneavoastr\u0103 cu privire la orice informa\u021bii pe care le putem colecta de la dumneavoastr\u0103 pe site-ul nostru web, pe SNAPNORK \u0219i pe alte site-uri pe care le de\u021binem \u0219i le oper\u0103m. V\u0103 solicit\u0103m informa\u021bii personale doar atunci c\u00e2nd avem cu adev\u0103rat nevoie de ele pentru a v\u0103 oferi un serviciu. Le colect\u0103m prin [\u2026]<\/p>","protected":false},"author":198,"featured_media":0,"parent":0,"menu_order":0,"comment_status":"closed","ping_status":"closed","template":"","meta":{"footnotes":""},"_links":{"self":[{"href":"https:\/\/snapnork.com\/ro\/wp-json\/wp\/v2\/pages\/102"}],"collection":[{"href":"https:\/\/snapnork.com\/ro\/wp-json\/wp\/v2\/pages"}],"about":[{"href":"https:\/\/snapnork.com\/ro\/wp-json\/wp\/v2\/types\/page"}],"author":[{"embeddable":true,"href":"https:\/\/snapnork.com\/ro\/wp-json\/wp\/v2\/users\/198"}],"replies":[{"embeddable":true,"href":"https:\/\/snapnork.com\/ro\/wp-json\/wp\/v2\/comments?post=102"}],"version-history":[{"count":3,"href":"https:\/\/snapnork.com\/ro\/wp-json\/wp\/v2\/pages\/102\/revisions"}],"predecessor-version":[{"id":1018,"href":"https:\/\/snapnork.com\/ro\/wp-json\/wp\/v2\/pages\/102\/revisions\/1018"}],"wp:attachment":[{"href":"https:\/\/snapnork.com\/ro\/wp-json\/wp\/v2\/media?parent=102"}],"curies":[{"name":"wp","href":"https:\/\/api.w.org\/{rel}","templated":true}]}}