    {"id":95,"date":"2025-06-27T18:16:30","date_gmt":"2025-06-27T18:16:30","guid":{"rendered":"https:\/\/snapnork.com\/?page_id=95"},"modified":"2025-11-24T20:50:32","modified_gmt":"2025-11-24T20:50:32","slug":"terms-of-use","status":"publish","type":"page","link":"https:\/\/snapnork.com\/ro\/terms-of-use\/","title":{"rendered":"Termeni de utilizare"},"content":{"rendered":"<p><strong>Ultima actualizare: 27 iunie 2025<\/strong><\/p>\n\n\n\n<p><strong>Snapnork<\/strong> este o platform\u0103 digital\u0103 independent\u0103 care public\u0103 con\u021binut axat pe tehnologie, inova\u021bie digital\u0103 \u0219i tendin\u021be strategice \u00een peisajul tehnologic. Prin accesarea sau utilizarea acestui site web, sunte\u021bi de acord cu termenii, condi\u021biile \u0219i politicile descrise mai jos.<\/p>\n\n\n\n<p>Ace\u0219ti Termeni de utilizare definesc drepturile \u0219i responsabilit\u0103\u021bile utilizatorilor care interac\u021bioneaz\u0103 cu platforma Snapnork. Utilizarea acestui site web este, de asemenea, guvernat\u0103 de Termenii \u0219i condi\u021biile noastre. <a>Politica de confiden\u021bialitate<\/a>.<\/p>\n\n\n\n<p><strong>V\u0102 RUG\u0102M S\u0102 CITI\u021aI CU ATEN\u021aIE ACE\u0218TI TERMENI. DAC\u0102 NU SUNTE\u021aI DE ACORD CU EI, V\u0102 RUG\u0102M S\u0102 NU UTILIZA\u021aI SNAPNORK SAU ORICARE DINTRE SERVICIILE SALE.<\/strong><\/p>\n\n\n\n<h2 class=\"wp-block-heading\"><strong>Articolul I \u2013 Acordul de utilizare<\/strong><\/h2>\n\n\n\n<p>1.1 Prin utilizarea Snapnork, confirma\u021bi acceptarea integral\u0103 a acestor Termeni de utilizare \u0219i a Politicii noastre de confiden\u021bialitate.<br>1.2 Trebuie s\u0103 ave\u021bi cel pu\u021bin 18 ani sau s\u0103 fi\u021bi capabil legal \u00een jurisdic\u021bia dumneavoastr\u0103 pentru a accesa sau interac\u021biona cu acest site.<br>1.3 Dac\u0103 nu \u00eendeplini\u021bi aceste criterii sau nu sunte\u021bi de acord cu nicio parte a acestor termeni, nu ave\u021bi dreptul s\u0103 utiliza\u021bi platforma noastr\u0103.<\/p>\n\n\n\n<h2 class=\"wp-block-heading\"><strong>Articolul II \u2013 Comunicare<\/strong><\/h2>\n\n\n\n<p>2.1 Snapnork ofer\u0103 canale de comunicare pentru \u00eentreb\u0103ri, feedback, contribu\u021bii sau asisten\u021b\u0103 tehnic\u0103.<br>2.2 Ne pute\u021bi contacta prin intermediul nostru <a>Pagina de contact<\/a> sau adresa de e-mail afi\u0219at\u0103 acolo.<\/p>\n\n\n\n<h2 class=\"wp-block-heading\"><strong>Articolul III \u2013 Responsabilit\u0103\u021bile p\u0103r\u021bilor<\/strong><\/h2>\n\n\n\n<p>3.1 Utilizatorii trebuie s\u0103 respecte ace\u0219ti Termeni de utilizare \u0219i Politica de confiden\u021bialitate atunci c\u00e2nd acceseaz\u0103 con\u021binutul sau serviciile Snapnork.<br>3.2 Snapnork poate include referin\u021be sau linkuri c\u0103tre site-uri web ter\u021be \u00een scop informativ.<br>3.3 Odat\u0103 redirec\u021bionat, activitatea dvs. este guvernat\u0103 de politicile site-ului extern. Snapnork nu este responsabil pentru acurate\u021bea, con\u021binutul sau practicile serviciilor externe.<br>3.4 Utilizatorii sunt responsabili pentru securitatea conexiunii lor la internet, a dispozitivelor \u0219i a accesului la cont atunci c\u00e2nd utilizeaz\u0103 Snapnork.<br>3.5 Snapnork nu este r\u0103spunz\u0103tor pentru daunele rezultate din probleme tehnice, acces neautorizat sau utilizare necorespunz\u0103toare \u00een afara controlului nostru.<br>3.6 Nu vom solicita niciodat\u0103 transferuri bancare, detalii bancare personale sau informa\u021bii confiden\u021biale prin canale neoficiale.<br>3.7 Orice mesaje suspecte sau activit\u0103\u021bi frauduloase \u00een numele Snapnork trebuie raportate imediat prin intermediul formularului nostru de contact.<\/p>\n\n\n\n<h2 class=\"wp-block-heading\"><strong>Articolul IV \u2013 Conduit\u0103 interzis\u0103<\/strong><\/h2>\n\n\n\n<p>Urm\u0103toarele ac\u021biuni sunt strict interzise:<\/p>\n\n\n\n<ul>\n<li>Implicarea \u00een comportamente ilegale, \u00een\u0219el\u0103toare sau d\u0103un\u0103toare;<\/li>\n\n\n\n<li>\u00cenc\u0103lcarea drepturilor de proprietate intelectual\u0103 sau a legilor privind confiden\u021bialitatea;<\/li>\n\n\n\n<li>\u00cenc\u0103rcarea de cod r\u0103u inten\u021bionat sau distribuirea de viru\u0219i;<\/li>\n\n\n\n<li>Uzurparea identit\u0103\u021bii unor persoane sau entit\u0103\u021bi;<\/li>\n\n\n\n<li>Colectarea de date f\u0103r\u0103 consim\u021b\u0103m\u00e2nt;<\/li>\n\n\n\n<li>Publicarea de con\u021binut neautorizat, \u00een\u0219el\u0103tor sau ofensator;<\/li>\n\n\n\n<li>H\u0103r\u021buirea, amenin\u021barea sau def\u0103imarea altora;<\/li>\n\n\n\n<li>\u00cencercarea de a perturba sau compromite func\u021bionarea platformei.<\/li>\n<\/ul>\n\n\n\n<p>\u00cenc\u0103lc\u0103rile pot duce la suspendarea sau \u00eencetarea permanent\u0103 a accesului la Snapnork, f\u0103r\u0103 notificare prealabil\u0103.<\/p>\n\n\n\n<h2 class=\"wp-block-heading\"><strong>Articolul V \u2013 Limitarea r\u0103spunderii \u0219i garan\u021biile<\/strong><\/h2>\n\n\n\n<p>Snapnork \u00ee\u0219i ofer\u0103 con\u021binutul \u0219i serviciile \u201eca atare\u201d \u0219i \u201ea\u0219a cum sunt disponibile\u201d, f\u0103r\u0103 garan\u021bii exprese sau implicite.<br>Nu garant\u0103m acces ne\u00eentrerupt, con\u021binut f\u0103r\u0103 erori sau adecvare deplin\u0103 pentru scopurile dumneavoastr\u0103 specifice.<br>\u00cen m\u0103sura maxim\u0103 permis\u0103 de lege, Snapnork nu \u00ee\u0219i asum\u0103 r\u0103spunderea pentru orice daune directe, indirecte, incidentale sau consecutive legate de utilizarea site-ului de c\u0103tre dvs.<\/p>\n\n\n\n<h2 class=\"wp-block-heading\"><strong>Articolul VI \u2013 Termen \u0219i termen legal<\/strong><\/h2>\n\n\n\n<p>Ace\u0219ti Termeni de utilizare sunt \u00een vigoare pe termen nelimitat.<br>Orice reclama\u021bie sau litigiu care implic\u0103 Snapnork trebuie ini\u021biat\u0103 \u00een termen de 90 (nou\u0103zeci) de zile de la evenimentul care a generat-o.<\/p>\n\n\n\n<h2 class=\"wp-block-heading\"><strong>Articolul VII \u2013 Legea aplicabil\u0103 \u0219i jurisdic\u021bia<\/strong><\/h2>\n\n\n\n<p>Prezentele Condi\u021bii de Utilizare vor fi guvernate \u0219i interpretate \u00een conformitate cu <strong>legile Republicii Estonia<\/strong>Orice disput\u0103, controvers\u0103 sau reclama\u021bie care decurge din sau \u00een leg\u0103tur\u0103 cu ace\u0219ti Termeni sau cu utilizarea acestui site web va fi solu\u021bionat\u0103 \u00een conformitate cu legisla\u021bia estonian\u0103, \u00een temeiul <strong>jurisdic\u021bia exclusiv\u0103 a instan\u021belor situate \u00een Tallinn, Estonia<\/strong>.<br>Aceast\u0103 clauz\u0103 asigur\u0103 transparen\u021ba juridic\u0103 \u0219i alinierea cu cele mai bune practici interna\u021bionale de conformitate, a\u0219a cum sunt prev\u0103zute de legisla\u021bia estonian\u0103. <em>Legea privind dreptul obliga\u021biilor<\/em> \u015fi <em>Legea dreptului interna\u021bional privat<\/em>.<\/p>\n\n\n\n<h2 class=\"wp-block-heading\"><strong>Articolul VIII \u2013 Proprietatea intelectual\u0103<\/strong><\/h2>\n\n\n\n<p>8.1 \u00centregul con\u021binut publicat pe Snapnork, inclusiv textul, grafica, aspectul \u0219i brandingul, este protejat de legea propriet\u0103\u021bii intelectuale.<br>8.2 Nu ave\u021bi dreptul s\u0103 copia\u021bi, reproduce\u021bi, republica\u021bi sau distribui\u021bi nicio parte a con\u021binutului f\u0103r\u0103 permisiune expres\u0103 \u00een scris.<br>8.3 Con\u021binutul trimis de utilizatori este responsabilitatea exclusiv\u0103 a contribuitorului. Snapnork \u00ee\u0219i rezerv\u0103 dreptul de a elimina orice material care \u00eencalc\u0103 standardele legale sau etice.<\/p>\n\n\n\n<h2 class=\"wp-block-heading\"><strong>Articolul IX \u2013 Amendamente la Termeni<\/strong><\/h2>\n\n\n\n<p>Snapnork \u00ee\u0219i rezerv\u0103 dreptul de a modifica, actualiza sau \u00eentrerupe orice por\u021biune a acestor Termeni sau a serviciilor sale \u00een orice moment, f\u0103r\u0103 notificare prealabil\u0103.<br>Este responsabilitatea dumneavoastr\u0103 s\u0103 revizui\u021bi periodic aceast\u0103 pagin\u0103. Utilizarea \u00een continuare a platformei constituie acceptarea termenilor revizui\u021bi.<\/p>\n\n\n\n<h2 class=\"wp-block-heading\"><strong>Articolul X \u2013 Contact<\/strong><\/h2>\n\n\n\n<p>Dac\u0103 ave\u021bi \u00eentreb\u0103ri sau nel\u0103muriri cu privire la ace\u0219ti Termeni de utilizare, v\u0103 rug\u0103m s\u0103 ne contacta\u021bi la:<br><br> E-mail: contact@snapnork.com<\/p>\n\n\n\n<p><strong>DAC\u0102 NU SUNTE\u021aI DE ACORD CU ACE\u0218TI TERMENI, V\u0102 RUG\u0102M S\u0102 V\u0102 AB\u021aINE\u021aI DE LA UTILIZAREA SNAPNORK \u0218I A SERVICIILOR SALE.<\/strong><\/p>","protected":false},"excerpt":{"rendered":"<p>Ultima actualizare: 27 iunie 2025 Snapnork este o platform\u0103 digital\u0103 independent\u0103 care public\u0103 con\u021binut axat pe tehnologie, inova\u021bie digital\u0103 \u0219i tendin\u021be strategice \u00een peisajul tehnologic. Prin accesarea sau utilizarea acestui site web, sunte\u021bi de acord cu termenii, condi\u021biile \u0219i politicile descrise mai jos. Ace\u0219ti Termeni de utilizare definesc drepturile \u0219i responsabilit\u0103\u021bile utilizatorilor care interac\u021bioneaz\u0103 cu [\u2026]<\/p>","protected":false},"author":198,"featured_media":0,"parent":0,"menu_order":0,"comment_status":"closed","ping_status":"closed","template":"","meta":{"footnotes":""},"_links":{"self":[{"href":"https:\/\/snapnork.com\/ro\/wp-json\/wp\/v2\/pages\/95"}],"collection":[{"href":"https:\/\/snapnork.com\/ro\/wp-json\/wp\/v2\/pages"}],"about":[{"href":"https:\/\/snapnork.com\/ro\/wp-json\/wp\/v2\/types\/page"}],"author":[{"embeddable":true,"href":"https:\/\/snapnork.com\/ro\/wp-json\/wp\/v2\/users\/198"}],"replies":[{"embeddable":true,"href":"https:\/\/snapnork.com\/ro\/wp-json\/wp\/v2\/comments?post=95"}],"version-history":[{"count":3,"href":"https:\/\/snapnork.com\/ro\/wp-json\/wp\/v2\/pages\/95\/revisions"}],"predecessor-version":[{"id":1017,"href":"https:\/\/snapnork.com\/ro\/wp-json\/wp\/v2\/pages\/95\/revisions\/1017"}],"wp:attachment":[{"href":"https:\/\/snapnork.com\/ro\/wp-json\/wp\/v2\/media?parent=95"}],"curies":[{"name":"wp","href":"https:\/\/api.w.org\/{rel}","templated":true}]}}