    {"id":98,"date":"2025-06-27T18:17:14","date_gmt":"2025-06-27T18:17:14","guid":{"rendered":"https:\/\/snapnork.com\/?page_id=98"},"modified":"2025-11-24T20:51:45","modified_gmt":"2025-11-24T20:51:45","slug":"about-us","status":"publish","type":"page","link":"https:\/\/snapnork.com\/ro\/about-us\/","title":{"rendered":"Despre noi"},"content":{"rendered":"<h1 class=\"wp-block-heading\"><\/h1>\n\n\n\n<p><strong>Bun venit la Snapnork<\/strong> \u2013 centrul t\u0103u pentru informa\u021bii tehnologice, strategie digital\u0103 \u0219i con\u021binut axat pe inova\u021bie. Indiferent dac\u0103 e\u0219ti creator, strateg, antreprenor sau pur \u0219i simplu pasionat de viitorul tehnologiei, Snapnork este aici pentru a te inspira \u0219i a te informa la fiecare pas.<\/p>\n\n\n\n<h2 class=\"wp-block-heading\"><strong>Ce ne motiveaz\u0103<\/strong><\/h2>\n\n\n\n<p>La Snapnork, credem c\u0103 tehnologia este mai mult dec\u00e2t instrumente \u0219i tendin\u021be - este o for\u021b\u0103 a transform\u0103rii. Misiunea noastr\u0103 este s\u0103 explor\u0103m peisajul digital \u00een continu\u0103 evolu\u021bie prin con\u021binut care provoac\u0103 la reflec\u021bie, cadre practice \u0219i perspective strategice care ajut\u0103 indivizii \u0219i organiza\u021biile s\u0103 prospere.<\/p>\n\n\n\n<p>Ne ad\u00e2ncim \u00een sistemele care alimenteaz\u0103 ecosistemul digital actual, analiz\u0103m tendin\u021bele tehnologice emergente, explor\u0103m solu\u021bii bazate pe aplica\u021bii care modeleaz\u0103 via\u021ba de zi cu zi \u0219i eviden\u021biem modul \u00een care marketingul evolueaz\u0103 odat\u0103 cu schimb\u0103rile tehnologice. Ne concentr\u0103m pe claritate, relevan\u021b\u0103 \u0219i impact - \u00eemp\u0103rt\u0103\u0219ind idei care dep\u0103\u0219esc cuvintele la mod\u0103 \u0219i se transform\u0103 \u00een valoare real\u0103.<\/p>\n\n\n\n<h2 class=\"wp-block-heading\"><strong>Cine suntem<\/strong><\/h2>\n\n\n\n<p>Suntem o echip\u0103 de scriitori, strategi \u0219i min\u021bi curioase din domeniul tehnologiei, uni\u021bi de un singur obiectiv: s\u0103 decod\u0103m complexitatea \u0219i s\u0103 \u00eemp\u0103rt\u0103\u0219im inova\u021bia cu claritate. Snapnork a fost creat pentru a reduce decalajul dintre tehnologie \u0219i \u00een\u021belegere - transform\u00e2nd perspectivele tehnice \u00een nara\u021biuni captivante \u0219i accesibile.<\/p>\n\n\n\n<p>Munca noastr\u0103 reflect\u0103 oamenii care construiesc \u0219i modeleaz\u0103 lumea digital\u0103: inovatori care proiecteaz\u0103 sisteme mai inteligente, speciali\u0219ti \u00een marketing care se adapteaz\u0103 la schimb\u0103ri rapide, dezvoltatori care creeaz\u0103 aplica\u021bii puternice \u0219i lideri care navigheaz\u0103 asupra viitorului. Scriem pentru g\u00e2nditori, constructori \u0219i factori de decizie care doresc s\u0103 fie cu un pas \u00eenainte \u0219i s\u0103 \u00een\u021beleag\u0103 for\u021bele care redefinesc viitorul.<\/p>\n\n\n\n<h2 class=\"wp-block-heading\"><strong>Implic\u0103-te<\/strong><\/h2>\n\n\n\n<p>Ai un subiect pe care ai vrea s\u0103-l vezi abordat? Vrei s\u0103 contribui cu un articol sau s\u0103 propui o idee? Ne-ar pl\u0103cea s\u0103 auzim de tine. La Snapnork, perspectivele \u0219i feedback-ul t\u0103u ne ajut\u0103 s\u0103 evolu\u0103m, la fel ca tehnologiile despre care scriem.<\/p>\n\n\n\n<p>Hai s\u0103 model\u0103m viitorul tehnologiei \u2014 c\u00e2te o postare, c\u00e2te o perspectiv\u0103, c\u00e2te o descoperire pe r\u00e2nd.<\/p>","protected":false},"excerpt":{"rendered":"<p>Bine a\u021bi venit la Snapnork \u2013 centrul dvs. pentru informa\u021bii tehnologice, strategie digital\u0103 \u0219i con\u021binut bazat pe inova\u021bie. Fie c\u0103 sunte\u021bi creator, strateg, antreprenor sau pur \u0219i simplu pasionat de viitorul tehnologiei, Snapnork este aici pentru a v\u0103 inspira \u0219i informa la fiecare pas. Ceea ce ne motiveaz\u0103 La Snapnork, credem c\u0103 tehnologia este mai mult dec\u00e2t instrumente \u0219i tendin\u021be \u2014 [\u2026]<\/p>","protected":false},"author":198,"featured_media":0,"parent":0,"menu_order":0,"comment_status":"closed","ping_status":"closed","template":"","meta":{"footnotes":""},"_links":{"self":[{"href":"https:\/\/snapnork.com\/ro\/wp-json\/wp\/v2\/pages\/98"}],"collection":[{"href":"https:\/\/snapnork.com\/ro\/wp-json\/wp\/v2\/pages"}],"about":[{"href":"https:\/\/snapnork.com\/ro\/wp-json\/wp\/v2\/types\/page"}],"author":[{"embeddable":true,"href":"https:\/\/snapnork.com\/ro\/wp-json\/wp\/v2\/users\/198"}],"replies":[{"embeddable":true,"href":"https:\/\/snapnork.com\/ro\/wp-json\/wp\/v2\/comments?post=98"}],"version-history":[{"count":2,"href":"https:\/\/snapnork.com\/ro\/wp-json\/wp\/v2\/pages\/98\/revisions"}],"predecessor-version":[{"id":1020,"href":"https:\/\/snapnork.com\/ro\/wp-json\/wp\/v2\/pages\/98\/revisions\/1020"}],"wp:attachment":[{"href":"https:\/\/snapnork.com\/ro\/wp-json\/wp\/v2\/media?parent=98"}],"curies":[{"name":"wp","href":"https:\/\/api.w.org\/{rel}","templated":true}]}}